{"id":2150,"date":"2018-07-09T11:45:27","date_gmt":"2018-07-09T09:45:27","guid":{"rendered":"https:\/\/pastareadytoeat.com\/?page_id=2150"},"modified":"2019-02-20T11:31:33","modified_gmt":"2019-02-20T10:31:33","slug":"beneficios-platos-listos","status":"publish","type":"page","link":"https:\/\/pastareadytoeat.com\/es\/beneficios-platos-listos\/","title":{"rendered":"Beneficios"},"content":{"rendered":"<div class=\"wpb-content-wrapper\"><p>[vc_row][vc_column][vc_column_text]<\/p>\n<div class=\"row\" style=\"width: 100%; margin: 0 auto;\">\n<div class=\"col-sm-10 col-sm-offset-1\">\n<div class=\"col-sm-12\" style=\"text-align: center;\"><img decoding=\"async\" class=\"img-responsive\" style=\"margin: 0 auto;\" src=\"\/img\/imgbeneficios.png\" alt=\"Beneficios Banner\"><\/div>\n<div class=\"col-sm-12\" style=\"height: 20px;\"><\/div>\n<div class=\"col-sm-12\" style=\"padding: 0 0 0 0; margin: 0 0 0 0; background-color: #ffffff; border: 2px solid #f4a42c; box-shadow: 3px 3px 11px #888888;\">\n<div class=\"col-sm-4\" style=\"padding: 0 0 0 0; background-color: #f4a42c; margin: 0 0 0 0;\">\n<div class=\"col-sm-12\" style=\"margin: 0 0 0 0; color: #ffffff; font-size: 90pt; font-family: Arial; height: 200px;\">1<\/div>\n<div class=\"col-sm-12\" style=\"margin: 0 0 0 0; color: #ffffff;\">\n<h1 style=\"font-size: 30pt; font-family: Arial; text-align: right; padding-right: 20px; color: white;\">COMA DONDE QUIERES<\/h1>\n<div style=\"height: 70px;\"><\/div>\n<\/div>\n<\/div>\n<div class=\"col-sm-8\" style=\"background-color: #ffffff; margin: 0 0 0 0; color: #f4a42c; font-weight: bold; font-size: 13pt; font-family: Arial; text-align: center; padding: 20px 40px 40px 40px;\">\n<p><img decoding=\"async\" class=\"img-responsive\" style=\"padding-top: 30px; padding-bottom: 30px; margin: 0 auto;\" src=\"\/img\/forknifeico.png\" alt=\"Fork and Knife\"><\/p>\n<p>Hay muchos beneficios al comer nuestras comidas listas, se puede comer en cualquier lugar que est\u00e9: en el colegio, en el trabajo, en la oficina, en casa,mientras viaja y mucho m\u00e1s, y sobre todo, \u00a1no necesita guardarlos en la nevera!<\/p>\n<\/div>\n<\/div>\n<div class=\"col-sm-12\" style=\"height: 20px;\"><\/div>\n<div class=\"col-sm-12\" style=\"padding: 0 0 0 0; margin: 0 0 0 0; background-color: #ffffff; border: 2px solid #f4a42c; box-shadow: 3px 3px 11px #888888;\">\n<div class=\"col-sm-4\" style=\"padding: 0 0 0 0; background-color: #f4a42c; margin: 0 0 0 0;\">\n<div class=\"col-sm-12\" style=\"margin: 0 0 0 0; color: #ffffff; font-size: 90pt; font-family: Arial; height: 150px;\">2<\/div>\n<div class=\"col-sm-12\" style=\"height: 105px;\"><\/div>\n<div class=\"col-sm-12\" style=\"margin: 0 0 0 0; color: #ffffff;\">\n<h1 style=\"font-size: 30pt; font-family: Arial; text-align: right; padding-right: 20px; color: white;\">LA MEJOR CALIDAD EN EL MERCADO<\/h1>\n<div style=\"height: 80px;\"><\/div>\n<\/div>\n<\/div>\n<div class=\"col-sm-8\" style=\"background-color: #ffffff; margin: 0 0 0 0; color: #f4a42c; font-weight: bold; font-size: 13pt; font-family: Arial; text-align: center; padding: 20px 40px 40px 40px;\">\n<p><img decoding=\"async\" class=\"img-responsive\" style=\"padding-top: 30px; padding-bottom: 30px; margin: 0 auto;\" src=\"\/img\/qualityico.png\" alt=\"Top Quality Icon\"><\/p>\n<p>El mercado a temperatura ambiente est\u00e1 todav\u00eda en su etapa inicial, los jugadores son muy pocos y ofrecen productos de muy baja calidad. La l\u00ednea que hemos desarrollado marca un cambio importante en la calidad y la percepci\u00f3n para la categor\u00eda de comidas preparadas para el ambiente. Por primera vez, un producto ambiental, sin conservantes, tiene un perfil de sabor tan bueno como sus hom\u00f3logos refrigerados y congelados. Nuestro producto tiene una vida \u00fatil de 12 meses, no necesita refrigeraci\u00f3n, por lo que los costos de transporte se reducen considerablemente al evitar el sistema de distribuci\u00f3n de la cadena de fr\u00edo.<\/p>\n<\/div>\n<\/div>\n<div class=\"col-sm-12\" style=\"height: 20px;\"><\/div>\n<div class=\"col-sm-12\" style=\"padding: 0 0 0 0; margin: 0 0 0 0; background-color: #ffffff; border: 2px solid #f4a42c; box-shadow: 3px 3px 11px #888888;\">\n<div class=\"col-sm-4\" style=\"padding: 0 0 0 0; background-color: #f4a42c; margin: 0 0 0 0;\">\n<div class=\"col-sm-12\" style=\"margin: 0 0 0 0; color: #ffffff; font-size: 90pt; font-family: Arial; height: 200px;\">3<\/div>\n<div class=\"col-sm-12\" style=\"height: 118px;\"><\/div>\n<div class=\"col-sm-12\" style=\"margin: 0 0 0 0; color: #ffffff;\">\n<h1 style=\"font-size: 30pt; font-family: Arial; text-align: right; padding-right: 20px; color: white;\">AMBIENT LINE<\/h1>\n<div style=\"height: 40px;\"><\/div>\n<\/div>\n<\/div>\n<div class=\"col-sm-8\" style=\"background-color: #ffffff; margin: 0 0 0 0; color: #f4a42c; font-weight: bold; font-size: 13pt; font-family: Arial; text-align: center; padding: 20px 40px 40px 40px;\">\n<p><img decoding=\"async\" class=\"img-responsive\" style=\"padding-top: 30px; padding-bottom: 30px; margin: 0 auto;\" src=\"\/img\/tempico.png\" alt=\"Temperature Icon\"><\/p>\n<p>Un conjunto de comidas preparadas que viene en una bandeja de pl\u00e1stico (lasa\u00f1a, canelones, penne, trofie, etc.).<br \/>\nLa preparaci\u00f3n es muy simple y solo requiere recalentar el producto en un horno, microondas o sart\u00e9n.<\/p>\n<\/div>\n<\/div>\n<div class=\"col-sm-12\" style=\"height: 20px;\"><\/div>\n<div class=\"col-sm-12\" style=\"padding: 0 0 0 0; margin: 0 0 0 0; background-color: #ffffff; border: 2px solid #f4a42c; box-shadow: 3px 3px 11px #888888;\">\n<div class=\"col-sm-4\" style=\"padding: 0 0 0 0; background-color: #f4a42c; margin: 0 0 0 0;\">\n<div class=\"col-sm-12\" style=\"margin: 0 0 0 0; color: #ffffff; font-size: 90pt; font-family: Arial; height: 210px;\">4<\/div>\n<div class=\"col-sm-12\" style=\"margin: 0 0 0 0; color: #ffffff;\">\n<h1 style=\"font-size: 30pt; font-family: Arial; text-align: right; padding-right: 20px; color: white;\">ELIJA SU GUSTO<\/h1>\n<div style=\"height: 80px;\"><\/div>\n<\/div>\n<\/div>\n<div class=\"col-sm-8\" style=\"background-color: #ffffff; margin: 0 0 0 0; color: #f4a42c; font-weight: bold; font-size: 13pt; font-family: Arial; text-align: center; padding: 20px 40px 40px 40px;\">\n<p><img decoding=\"async\" class=\"img-responsive\" style=\"padding-top: 30px; padding-bottom: 30px; margin: 0 auto;\" src=\"\/img\/tasteico2.png\" alt=\"Food Taste Icon\"><\/p>\n<p>Ya no tendr\u00e1 que preocuparse por qu\u00e9 cocinar para la cena, ser\u00e1 f\u00e1cil elegir entre nuestra amplia gama de alimentos y preparaciones<\/p>\n<\/div>\n<\/div>\n<div class=\"col-sm-12\" style=\"height: 20px;\"><\/div>\n<div class=\"col-sm-12\" style=\"padding: 0 0 0 0; margin: 0 0 0 0; background-color: #ffffff; border: 2px solid #f4a42c; box-shadow: 3px 3px 11px #888888;\">\n<div class=\"col-sm-4\" style=\"padding: 0 0 0 0; background-color: #f4a42c; margin: 0 0 0 0;\">\n<div class=\"col-sm-12\" style=\"margin: 0 0 0 0; color: #ffffff; font-size: 90pt; font-family: Arial; height: 200px;\">5<\/div>\n<div class=\"col-sm-12\" style=\"margin: 0 0 0 0; color: #ffffff;\">\n<h1 style=\"font-size: 30pt; font-family: Arial; text-align: right; padding-right: 20px; color: white;\">AHORRA TU DINERO<\/h1>\n<div style=\"height: 40px;\"><\/div>\n<\/div>\n<\/div>\n<div class=\"col-sm-8\" style=\"background-color: #ffffff; margin: 0 0 0 0; color: #f4a42c; font-weight: bold; font-size: 13pt; font-family: Arial; text-align: center; padding: 20px 40px 40px 40px;\">\n<p><img decoding=\"async\" class=\"img-responsive\" style=\"padding-top: 30px; padding-bottom: 30px; margin: 0 auto;\" src=\"\/img\/moneyico.png\" alt=\"Money Icon\"><\/p>\n<p>Puede calentar c\u00f3modamente las comidas durante el d\u00eda y ahorrar dinero con las comidas preparadas de PastaReadyToEat!<\/p>\n<\/div>\n<\/div>\n<div class=\"col-sm-12\" style=\"height: 20px;\"><\/div>\n<div class=\"col-sm-12\" style=\"padding: 0 0 0 0; margin: 0 0 0 0; background-color: #ffffff; border: 2px solid #f4a42c; box-shadow: 3px 3px 11px #888888;\">\n<div class=\"col-sm-4\" style=\"padding: 0 0 0 0; background-color: #f4a42c; margin: 0 0 0 0;\">\n<div class=\"col-sm-12\" style=\"margin: 0 0 0 0; color: #ffffff; font-size: 90pt; font-family: Arial; height: 200px;\">6<\/div>\n<div class=\"col-sm-12\" style=\"height: 20px;\"><\/div>\n<div class=\"col-sm-12\" style=\"margin: 0 0 0 0; color: #ffffff;\">\n<h1 style=\"font-size: 30pt; font-family: Arial; text-align: right; padding-right: 20px; color: white;\">ORGANIZA TUS FESTIVALES<\/h1>\n<div style=\"height: 70px;\"><\/div>\n<\/div>\n<\/div>\n<div class=\"col-sm-8\" style=\"background-color: #ffffff; margin: 0 0 0 0; color: #f4a42c; font-weight: bold; font-size: 13pt; font-family: Arial; text-align: center; padding: 20px 40px 40px 40px;\">\n<p><img decoding=\"async\" class=\"img-responsive\" style=\"padding-top: 30px; padding-bottom: 30px; margin: 0 auto;\" src=\"\/img\/happyhourico.png\" alt=\"Happy Hour Icon\"><\/p>\n<p>Organice fiestas fant\u00e1sticas sin la necesidad de ensuciar o dividir la comida, \u00a1todo se divide en porciones para comer a cualquier temperatura!<\/p>\n<\/div>\n<\/div>\n<\/div>\n<\/div>\n<div class=\"col-sm-12\" style=\"height: 50px;\"><\/div>\n<p>[\/vc_column_text][\/vc_column][\/vc_row]<\/p>\n<\/div>","protected":false},"excerpt":{"rendered":"<p>[vc_row][vc_column][vc_column_text] 1 COMA DONDE QUIERES Hay muchos beneficios al comer nuestras comidas listas, se puede comer en cualquier lugar que est\u00e9: en el colegio, en el trabajo, en la oficina, en casa,mientras viaja y mucho m\u00e1s, y sobre todo, \u00a1no necesita guardarlos en la nevera! 2 LA MEJOR CALIDAD EN [&hellip;]<\/p>\n","protected":false},"author":208,"featured_media":0,"parent":0,"menu_order":0,"comment_status":"closed","ping_status":"closed","template":"","meta":{"_joinchat":[],"footnotes":""},"class_list":["post-2150","page","type-page","status-publish","hentry"],"_links":{"self":[{"href":"https:\/\/pastareadytoeat.com\/es\/wp-json\/wp\/v2\/pages\/2150","targetHints":{"allow":["GET"]}}],"collection":[{"href":"https:\/\/pastareadytoeat.com\/es\/wp-json\/wp\/v2\/pages"}],"about":[{"href":"https:\/\/pastareadytoeat.com\/es\/wp-json\/wp\/v2\/types\/page"}],"author":[{"embeddable":true,"href":"https:\/\/pastareadytoeat.com\/es\/wp-json\/wp\/v2\/users\/208"}],"replies":[{"embeddable":true,"href":"https:\/\/pastareadytoeat.com\/es\/wp-json\/wp\/v2\/comments?post=2150"}],"version-history":[{"count":12,"href":"https:\/\/pastareadytoeat.com\/es\/wp-json\/wp\/v2\/pages\/2150\/revisions"}],"predecessor-version":[{"id":3828,"href":"https:\/\/pastareadytoeat.com\/es\/wp-json\/wp\/v2\/pages\/2150\/revisions\/3828"}],"wp:attachment":[{"href":"https:\/\/pastareadytoeat.com\/es\/wp-json\/wp\/v2\/media?parent=2150"}],"curies":[{"name":"wp","href":"https:\/\/api.w.org\/{rel}","templated":true}]}}