{"id":2156,"date":"2018-07-09T11:46:13","date_gmt":"2018-07-09T09:46:13","guid":{"rendered":"https:\/\/pastareadytoeat.com\/?page_id=2156"},"modified":"2023-05-02T20:04:23","modified_gmt":"2023-05-02T18:04:23","slug":"ahorra-tiempo-y-dinero","status":"publish","type":"page","link":"https:\/\/pastareadytoeat.com\/es\/ahorra-tiempo-y-dinero\/","title":{"rendered":"Ahorra tiempo y dinero"},"content":{"rendered":"<div class=\"wpb-content-wrapper\"><p>[vc_row][vc_column css=&#8221;.vc_custom_1530719484441{margin-bottom: 40px !important;padding-right: 20px !important;padding-left: 20px !important;}&#8221;][vc_column_text]<\/p>\n<div class=\"row\" style=\"margin-top: 10px; width: 100%; margin: 0 auto;\">\n<div class=\"col-sm-10 col-sm-offset-1 savet\" style=\"box-shadow: 3px 3px 11px #888888; border-top-left-radius: 12px; border-top-right-radius: 10px; padding-bottom: 20px; background-color: #f4a42c; padding-top: 20px; text-align: center;\">\n<p><img decoding=\"async\" class=\"img-responsive\" style=\"margin: 0 auto;\" src=\"\/img\/dollars.png\" alt=\"Logo Dollari\" \/><\/p>\n<h1 style=\"color: #ffffff;\">Ahorra tiempo y dinero<\/h1>\n<\/div>\n<\/div>\n<div class=\"row\" style=\"width: 100%; margin: 0 auto;\">\n<div class=\"col-sm-10 col-sm-offset-1\" style=\"box-shadow: 3px 3px 11px #888888; padding: 0 0 0 0; background-color: #ffffff; border-bottom: 3px solid #f4a42c; border-left: 3px solid #f4a42c; border-right: 3px solid #f4a42c;\">\n<div class=\"col-sm-4\" style=\"text-align: center; padding-top: 60px; padding-bottom: 40px;\">\n<p><img decoding=\"async\" class=\"img-responsive\" style=\"margin: 0 auto;\" src=\"\/img\/saveclock.png\" alt=\"Logo Orologio\" \/><\/p>\n<h2 style=\"font-size: 19pt; padding-top: 10px; color: #f4a42c;\">AHORRA TIEMPO<\/h2>\n<p style=\"line-height: 1; font-family: Arial; font-weight: bold; padding-left: 40px; padding-right: 40px; color: #f4a42c; margin-top: 30px; font-size: 12pt;\">Con nuestros productos ahorrar\u00e1s tiempo!<\/p>\n<p>Podr\u00e1s preparar una cena italiana en muy poco tiempo!<\/p>\n<p>\u00a1No tendr\u00e1 que pensar en qu\u00e9 cocinar para la cena, ser\u00e1 f\u00e1cil elegir entre nuestra amplia gama de gustos y preparaci\u00f3n!<\/p>\n<\/div>\n<div class=\"col-sm-4\" style=\"text-align: center; padding-top: 60px; padding-bottom: 40px;\">\n<p><img decoding=\"async\" class=\"img-responsive\" style=\"margin: 0 auto;\" src=\"\/img\/houricon.png\" alt=\"Logo Ora\" \/><\/p>\n<h2 style=\"color: #f4a42c; font-size: 19pt; padding-top: 10px;\">FIESTAS Y RECEPCIONES<\/h2>\n<p style=\"line-height: 1; font-family: Arial; font-weight: bold; padding-left: 40px; padding-right: 40px; color: #f4a42c; margin-top: 30px; font-size: 12pt;\">Podr\u00e1s organizar happy hour fant\u00e1sticos sin la molestia de ensuciar o dividir en porciones!<\/p>\n<p>Con PastaReadyToEat todo est\u00e1 empacado en porciones y listo para comer a cualquier temperatura!<\/p>\n<p>D\u00e9jate sorprender por la fant\u00e1stica calidad 100% italiana.<\/p>\n<\/div>\n<div class=\"col-sm-4\" style=\"text-align: center; padding-top: 60px; padding-bottom: 40px;\">\n<p><img decoding=\"async\" class=\"img-responsive\" style=\"margin: 0 auto;\" src=\"\/img\/saveymoney.png\" alt=\"Logo Risparmia\" \/><\/p>\n<h2 style=\"color: #f4a42c; font-size: 19pt; padding-top: 10px;\">AHORRA TU DINERO<\/h2>\n<p style=\"line-height: 1; font-family: Arial; font-weight: bold; padding-left: 40px; padding-right: 40px; color: #f4a42c; margin-top: 30px; font-size: 12pt;\">\u00a1No necesitar\u00e1s lanzar nuestros productos!<\/p>\n<p>\u00a1Puede calentarlos c\u00f3modamente todo el d\u00eda, ahorrar su dinero con las comidas preparadas de PastaReadyToEat!<\/p>\n<p>\u00a1Las sobras ser\u00e1n solo un recuerdo!<\/p>\n<\/div>\n<\/div>\n<\/div>\n<div style=\"height: 10px;\"><\/div>\n<p>[\/vc_column_text][\/vc_column][\/vc_row]<\/p>\n<\/div>","protected":false},"excerpt":{"rendered":"<p>[vc_row][vc_column css=&#8221;.vc_custom_1530719484441{margin-bottom: 40px !important;padding-right: 20px !important;padding-left: 20px !important;}&#8221;][vc_column_text] Ahorra tiempo y dinero AHORRA TIEMPO Con nuestros productos ahorrar\u00e1s tiempo! Podr\u00e1s preparar una cena italiana en muy poco tiempo! \u00a1No tendr\u00e1 que pensar en qu\u00e9 cocinar para la cena, ser\u00e1 f\u00e1cil elegir entre nuestra amplia gama de gustos y preparaci\u00f3n! FIESTAS [&hellip;]<\/p>\n","protected":false},"author":1,"featured_media":0,"parent":0,"menu_order":0,"comment_status":"closed","ping_status":"closed","template":"","meta":{"_joinchat":[],"footnotes":""},"class_list":["post-2156","page","type-page","status-publish","hentry"],"_links":{"self":[{"href":"https:\/\/pastareadytoeat.com\/es\/wp-json\/wp\/v2\/pages\/2156","targetHints":{"allow":["GET"]}}],"collection":[{"href":"https:\/\/pastareadytoeat.com\/es\/wp-json\/wp\/v2\/pages"}],"about":[{"href":"https:\/\/pastareadytoeat.com\/es\/wp-json\/wp\/v2\/types\/page"}],"author":[{"embeddable":true,"href":"https:\/\/pastareadytoeat.com\/es\/wp-json\/wp\/v2\/users\/1"}],"replies":[{"embeddable":true,"href":"https:\/\/pastareadytoeat.com\/es\/wp-json\/wp\/v2\/comments?post=2156"}],"version-history":[{"count":7,"href":"https:\/\/pastareadytoeat.com\/es\/wp-json\/wp\/v2\/pages\/2156\/revisions"}],"predecessor-version":[{"id":5721,"href":"https:\/\/pastareadytoeat.com\/es\/wp-json\/wp\/v2\/pages\/2156\/revisions\/5721"}],"wp:attachment":[{"href":"https:\/\/pastareadytoeat.com\/es\/wp-json\/wp\/v2\/media?parent=2156"}],"curies":[{"name":"wp","href":"https:\/\/api.w.org\/{rel}","templated":true}]}}