{"id":2343,"date":"2018-07-25T10:09:17","date_gmt":"2018-07-25T08:09:17","guid":{"rendered":"https:\/\/pastareadytoeat.com\/?page_id=2343"},"modified":"2018-07-30T16:28:22","modified_gmt":"2018-07-30T14:28:22","slug":"quienes-somos","status":"publish","type":"page","link":"https:\/\/pastareadytoeat.com\/es\/quienes-somos\/","title":{"rendered":"Quienes somos"},"content":{"rendered":"<div class=\"wpb-content-wrapper\"><p>[vc_row][vc_column css=&#8221;.vc_custom_1530719484441{margin-bottom: 40px !important;padding-right: 20px !important;padding-left: 20px !important;}&#8221;][vc_column_text]<\/p>\n<div class=\"row\" style=\"margin-top: 10px; width: 100%; margin: 0 auto;\">\n<div class=\"col-sm-10 col-sm-offset-1\">\n<h1>Quienes somos<\/h1>\n<\/div>\n<\/div>\n<div class=\"row\" style=\"margin-top: 10px; width: 100%; margin: 0 auto;\">\n<div class=\"col-sm-10 col-sm-offset-1\">\n<div class=\"col-sm-6\" style=\"padding: 40px;\">\n<p>Unibrands comenz\u00f3  su actividad en la producci\u00f3n de productos de panader\u00eda antes de pasar a la producci\u00f3n y comercializaci\u00f3n de pasta fresca y congelada, en los \u00faltimos a\u00f1os , despu\u00e9s de una  considerable demanda de los mercados extranjeros en el campo de orientar el de &#8220;PLATOS R\u00c1PIDOS  &#8220;: productos (platos, vasos, bolsas o bandejas), frescos, congelados o a temperatura ambiente, listos para el consumo y destinados a clientes que desean una comida r\u00e1pida, sin perder el sabor de la cocina tradicional.<\/p>\n<p>La calidad de nuestros alimentos est\u00e1 garantizada por la materia prima de nuestra tierra y un proceso de producci\u00f3n probados y certificados, que se mezclan entre s\u00ed los valores y los sabores tradicionales y modernos.<\/p>\n<\/div>\n<div class=\"col-sm-6\" style=\"padding: 20px; text-align: center;\"><img decoding=\"async\" class=\"img-responsive\" src=\"\/img\/lasagna_img.jpg\" \/><\/div>\n<\/div>\n<div style=\"height: 10px;\"><\/div>\n<\/div>\n<div class=\"row\" style=\"margin-top: 10px; width: 100%; margin: 0 auto;\">\n<div class=\"col-sm-10 col-sm-offset-1\">\n<div class=\"col-sm-7\" style=\"padding: 20px; text-align: center;\"><img decoding=\"async\" class=\"img-responsive\" src=\"\/img\/products.png\" \/><\/div>\n<div class=\"col-sm-5\" style=\"padding-left: 40px; padding-right: 40px; padding-bottom: 40px;\">\n<p>Preparar los platos de PastaReadyToEat es muy simple. Solo es necesario calentar el plato por unos momentos y estar\u00e1 listo.<\/p>\n<p>Hay diversos modelos de tener su plato italiano favorito en poco minutos sobre la mesa con PastaReadyToEat.<\/p>\n<\/div>\n<\/div>\n<div style=\"height: 10px;\"><\/div>\n<\/div>\n<p>[\/vc_column_text][\/vc_column][\/vc_row]<\/p>\n<\/div>","protected":false},"excerpt":{"rendered":"<p>[vc_row][vc_column css=&#8221;.vc_custom_1530719484441{margin-bottom: 40px !important;padding-right: 20px !important;padding-left: 20px !important;}&#8221;][vc_column_text] Quienes somos Unibrands comenz\u00f3 su actividad en la producci\u00f3n de productos de panader\u00eda antes de pasar a la producci\u00f3n y comercializaci\u00f3n de pasta fresca y congelada, en los \u00faltimos a\u00f1os , despu\u00e9s de una considerable demanda de los mercados extranjeros en el [&hellip;]<\/p>\n","protected":false},"author":208,"featured_media":0,"parent":0,"menu_order":0,"comment_status":"closed","ping_status":"closed","template":"","meta":{"_joinchat":[],"footnotes":""},"class_list":["post-2343","page","type-page","status-publish","hentry"],"_links":{"self":[{"href":"https:\/\/pastareadytoeat.com\/es\/wp-json\/wp\/v2\/pages\/2343","targetHints":{"allow":["GET"]}}],"collection":[{"href":"https:\/\/pastareadytoeat.com\/es\/wp-json\/wp\/v2\/pages"}],"about":[{"href":"https:\/\/pastareadytoeat.com\/es\/wp-json\/wp\/v2\/types\/page"}],"author":[{"embeddable":true,"href":"https:\/\/pastareadytoeat.com\/es\/wp-json\/wp\/v2\/users\/208"}],"replies":[{"embeddable":true,"href":"https:\/\/pastareadytoeat.com\/es\/wp-json\/wp\/v2\/comments?post=2343"}],"version-history":[{"count":4,"href":"https:\/\/pastareadytoeat.com\/es\/wp-json\/wp\/v2\/pages\/2343\/revisions"}],"predecessor-version":[{"id":2596,"href":"https:\/\/pastareadytoeat.com\/es\/wp-json\/wp\/v2\/pages\/2343\/revisions\/2596"}],"wp:attachment":[{"href":"https:\/\/pastareadytoeat.com\/es\/wp-json\/wp\/v2\/media?parent=2343"}],"curies":[{"name":"wp","href":"https:\/\/api.w.org\/{rel}","templated":true}]}}