{"id":2355,"date":"2018-07-25T10:19:59","date_gmt":"2018-07-25T08:19:59","guid":{"rendered":"https:\/\/pastareadytoeat.com\/?page_id=2355"},"modified":"2018-07-30T16:30:42","modified_gmt":"2018-07-30T14:30:42","slug":"entregas","status":"publish","type":"page","link":"https:\/\/pastareadytoeat.com\/es\/entregas\/","title":{"rendered":"Entregas"},"content":{"rendered":"<div class=\"wpb-content-wrapper\"><p>[vc_row][vc_column css=&#8221;.vc_custom_1530719484441{margin-bottom: 40px !important;padding-right: 20px !important;padding-left: 20px !important;}&#8221;][vc_column_text]<\/p>\n<div class=\"row\" style=\"margin-top: 10px; width: 100%; margin: 0 auto;\">\n<div class=\"col-sm-10 col-sm-offset-1\" style=\"padding-bottom: 20px;\">\n<h1>Entregas &#8211; Condiciones de venta<\/h1>\n<\/div>\n<\/div>\n<div class=\"row\" style=\"margin-top: 10px; width: 100%; margin: 0 auto;\">\n<div class=\"col-sm-10 col-sm-offset-1\" style=\"border: 2px solid lightgrey;\">\n<div class=\"col-sm-12\" style=\"padding: 40px;\">\n<p>INTRODUCCI\u00d3N:<br \/>\nLas ventas se llevaron a cabo a trav\u00e9s del contrato www.pastareadytoeat.com sitio est\u00e1 dirigido a todos los efectos legales, que concluy\u00f3 en Italia y se rige por la ley italiana y cumple con las regulaciones aplicables que rigen la venta a distancia, es decir, el Decreto Legislativo. N\u00ba 206 de 6\/09\/2005 &#8211; C\u00f3digo de consumo. Para cualquier controversia que surja de la celebraci\u00f3n de este contrato, la jurisdicci\u00f3n territorial es la del municipio de residencia del cliente, considerada a todos los efectos un consumidor. Para todos los dem\u00e1s casos en que el cliente no es un consumidor, el lugar de jurisdicci\u00f3n es exclusivamente el de Bari.<\/p>\n<p>ACEPTACI\u00d3N DE LAS CONDICIONES GENERALES DE VENTA<br \/>\nLa ejecuci\u00f3n del pedido implica para el cliente el conocimiento previo de las presentes condiciones generales de venta, as\u00ed como la aceptaci\u00f3n completa, incluidos los m\u00e9todos de pago que se indican a continuaci\u00f3n. El cliente no tiene derecho a ninguna indemnizaci\u00f3n por da\u00f1os o perjuicios directos o indirectos a personas o bienes, causado tanto por la falta de aceptaci\u00f3n &#8211; incluso parcial &#8211; de una orden de no entrega o cancelar la orden.<\/p>\n<p>ENTREGAS<br \/>\nLa entrega se realiza directamente en la direcci\u00f3n indicada por los clientes al realizar el pedido. En general, los env\u00edos de productos se realizan dentro de las 72 horas desde el pedido y las entregas se conf\u00edan a los correos expresos que tienen la tarea de entregarlos directamente en el hogar del comprador. Los productos viajan bajo nuestro propio riesgo y las entregas pueden demorar entre 2 y 3 d\u00edas h\u00e1biles. La entrega de lo que se ordena se realiza por los correos en el nivel de la calle.<br \/>\nEn el momento de la entrega de los bienes por el servicio de mensajer\u00eda, el cliente debe verificar:<br \/>\n&#8211; que el n\u00famero de paquetes entregados corresponde a lo indicado en el documento que acompa\u00f1a a los productos;<br \/>\n&#8211; que el embalaje est\u00e9 intacto, sin da\u00f1os, mojado o alterado de otro modo.<br \/>\nCualquier da\u00f1o en el envase y \/ o el producto o la falta de coincidencia en el n\u00famero de paquetes o datos, se debe notificar inmediatamente a la mensajer\u00eda, la colocaci\u00f3n RESERVE escrita (que especifica el motivo de la reserva, por ejemplo. &#8220;Envase arruinada&#8221;, &#8220;envase aplastado&#8221; , etc.) en la prueba de entrega de mensajer\u00eda. Una vez que se ha firmado el documento del servicio de mensajer\u00eda, el Cliente no puede objetar sobre las caracter\u00edsticas externas de los productos entregados. Si los productos solicitados no est\u00e1n disponibles temporalmente, informaremos puntualmente al cliente.<\/p>\n<p>QUEJAS<br \/>\npuede ponerse en contacto con la direcci\u00f3n o sugerencias, quejas o solicitudes de informaci\u00f3n acerca de su pedido ,: info@pastareadytoeat.com indicando el n\u00famero de orden asignado y publicado en la confirmaci\u00f3n del pedido enviado por correo electr\u00f3nico.\n<\/p><\/div>\n<\/div>\n<div style=\"height: 10px;\"><\/div>\n<\/div>\n<p>[\/vc_column_text][\/vc_column][\/vc_row]<\/p>\n<\/div>","protected":false},"excerpt":{"rendered":"<p>[vc_row][vc_column css=&#8221;.vc_custom_1530719484441{margin-bottom: 40px !important;padding-right: 20px !important;padding-left: 20px !important;}&#8221;][vc_column_text] Entregas &#8211; Condiciones de venta INTRODUCCI\u00d3N: Las ventas se llevaron a cabo a trav\u00e9s del contrato www.pastareadytoeat.com sitio est\u00e1 dirigido a todos los efectos legales, que concluy\u00f3 en Italia y se rige por la ley italiana y cumple con las regulaciones aplicables [&hellip;]<\/p>\n","protected":false},"author":208,"featured_media":0,"parent":0,"menu_order":0,"comment_status":"closed","ping_status":"closed","template":"","meta":{"_joinchat":[],"footnotes":""},"class_list":["post-2355","page","type-page","status-publish","hentry"],"_links":{"self":[{"href":"https:\/\/pastareadytoeat.com\/es\/wp-json\/wp\/v2\/pages\/2355","targetHints":{"allow":["GET"]}}],"collection":[{"href":"https:\/\/pastareadytoeat.com\/es\/wp-json\/wp\/v2\/pages"}],"about":[{"href":"https:\/\/pastareadytoeat.com\/es\/wp-json\/wp\/v2\/types\/page"}],"author":[{"embeddable":true,"href":"https:\/\/pastareadytoeat.com\/es\/wp-json\/wp\/v2\/users\/208"}],"replies":[{"embeddable":true,"href":"https:\/\/pastareadytoeat.com\/es\/wp-json\/wp\/v2\/comments?post=2355"}],"version-history":[{"count":3,"href":"https:\/\/pastareadytoeat.com\/es\/wp-json\/wp\/v2\/pages\/2355\/revisions"}],"predecessor-version":[{"id":2597,"href":"https:\/\/pastareadytoeat.com\/es\/wp-json\/wp\/v2\/pages\/2355\/revisions\/2597"}],"wp:attachment":[{"href":"https:\/\/pastareadytoeat.com\/es\/wp-json\/wp\/v2\/media?parent=2355"}],"curies":[{"name":"wp","href":"https:\/\/api.w.org\/{rel}","templated":true}]}}