{"id":2371,"date":"2018-07-25T10:26:41","date_gmt":"2018-07-25T08:26:41","guid":{"rendered":"https:\/\/pastareadytoeat.com\/?page_id=2371"},"modified":"2018-07-30T16:32:34","modified_gmt":"2018-07-30T14:32:34","slug":"pago-seguro","status":"publish","type":"page","link":"https:\/\/pastareadytoeat.com\/es\/pago-seguro\/","title":{"rendered":"Pago Seguro"},"content":{"rendered":"<div class=\"wpb-content-wrapper\"><p>[vc_row][vc_column css=&#8221;.vc_custom_1530719484441{margin-bottom: 40px !important;padding-right: 20px !important;padding-left: 20px !important;}&#8221;][vc_column_text]<\/p>\n<div class=\"row\" style=\"margin-top: 10px; width: 100%; margin: 0 auto;\">\n<div class=\"col-sm-10 col-sm-offset-1\" style=\"padding-bottom: 20px;\">\n<h1>MODOS DE PEDIDO &#8211; ACEPTACI\u00d3N DE PEDIDOS<\/h1>\n<\/div>\n<\/div>\n<div class=\"row\" style=\"margin-top: 10px; width: 100%; margin: 0 auto;\">\n<div class=\"col-sm-10 col-sm-offset-1\" style=\"border: 2px solid lightgrey;\">\n<div class=\"col-sm-12\" style=\"padding: 40px;\">\n<p>Cuando el cliente, despu\u00e9s de completar el formulario de compra con todos los datos requeridos, haga clic en el bot\u00f3n de confirmaci\u00f3n, acepta sin reserva y de manera consciente, estas condiciones generales de venta y todos los datos propuestos para llenar la orden. A partir de ahora, la orden puede ser anulada \u00fanicamente por referencia al derecho de desistimiento otorgado por la ley. La confirmaci\u00f3n del buen fin de la orden se lleva a cabo mediante el env\u00edo de una direcci\u00f3n de correo electr\u00f3nico indicada por el cliente en el momento del pedido y concluir\u00e1 con el precio rebajada integral. Este correo electr\u00f3nico contendr\u00e1 un recordatorio de los art\u00edculos pedidos, la cantidad pagada o por pagar, gastos de env\u00edo y el n\u00famero de la orden, de conformidad con lo dispuesto en el &#8216;reservado para nuestra empresa el derecho exclusivo de cancelar&#8217; C\u00f3digo del Consumidor E orden si creemos que es de origen fraudulento o supuesto. La documentaci\u00f3n que acompa\u00f1a a los productos indicar\u00e1 el derecho de desistimiento, los tiempos y m\u00e9todos para devolver el producto y c\u00f3mo presentar un reclamo. Los pedidos se almacenan en nuestro servidor por un per\u00edodo de 10 a\u00f1os desde el \u00faltimo pedido. En cualquier momento, el Cliente puede acceder a los detalles de los pedidos enviando un correo electr\u00f3nico a: info@pastareadytoeat.com<\/p>\n<p>PAGOS<br \/>\nEl pago por la compra de los productos de nuestro sitio puede realizarse en una de las siguientes formas:<\/p>\n<p>a. online mediante tarjeta de cr\u00e9dito;<br \/>\nb. online usando el sistema de pago PAYPAL;<br \/>\nc. marcando la entrega de la mercanc\u00eda;<br \/>\nd. transferencia bancaria.<br \/>\nLa compra mediante el uso de la Tarjeta de cr\u00e9dito implica introducir la numeraci\u00f3n y datos de titular. Para garantizar la m\u00e1xima seguridad para nuestros clientes, los datos recopilados se transfieren mediante un sistema encriptado a los servidores seguros de nuestro banco que, una vez procesados, confirmar\u00e1n que estamos acreditados. En caso de pago en cheque, se aplicar\u00e1 un importe adicional, indicado en la confirmaci\u00f3n del pedido, que el cliente pagar\u00e1 directamente al servicio de mensajer\u00eda . Para el pago por transferencia anticipada, los bienes ser\u00e1n enviados solo despu\u00e9s de recibir la transferencia. Los datos donde se realiza la transferencia se resaltan en la etapa de confirmaci\u00f3n del pedido. Aquellos que est\u00e1n obligados a solicitar una factura deben solicitarla al momento del pedido, con el n\u00famero de IVA correspondiente.<\/p>\n<\/div>\n<\/div>\n<div style=\"height: 10px;\"><\/div>\n<\/div>\n<p>[\/vc_column_text][\/vc_column][\/vc_row]<\/p>\n<\/div>","protected":false},"excerpt":{"rendered":"<p>[vc_row][vc_column css=&#8221;.vc_custom_1530719484441{margin-bottom: 40px !important;padding-right: 20px !important;padding-left: 20px !important;}&#8221;][vc_column_text] MODOS DE PEDIDO &#8211; ACEPTACI\u00d3N DE PEDIDOS Cuando el cliente, despu\u00e9s de completar el formulario de compra con todos los datos requeridos, haga clic en el bot\u00f3n de confirmaci\u00f3n, acepta sin reserva y de manera consciente, estas condiciones generales de venta y [&hellip;]<\/p>\n","protected":false},"author":208,"featured_media":0,"parent":0,"menu_order":0,"comment_status":"closed","ping_status":"closed","template":"","meta":{"_joinchat":[],"footnotes":""},"class_list":["post-2371","page","type-page","status-publish","hentry"],"_links":{"self":[{"href":"https:\/\/pastareadytoeat.com\/es\/wp-json\/wp\/v2\/pages\/2371","targetHints":{"allow":["GET"]}}],"collection":[{"href":"https:\/\/pastareadytoeat.com\/es\/wp-json\/wp\/v2\/pages"}],"about":[{"href":"https:\/\/pastareadytoeat.com\/es\/wp-json\/wp\/v2\/types\/page"}],"author":[{"embeddable":true,"href":"https:\/\/pastareadytoeat.com\/es\/wp-json\/wp\/v2\/users\/208"}],"replies":[{"embeddable":true,"href":"https:\/\/pastareadytoeat.com\/es\/wp-json\/wp\/v2\/comments?post=2371"}],"version-history":[{"count":3,"href":"https:\/\/pastareadytoeat.com\/es\/wp-json\/wp\/v2\/pages\/2371\/revisions"}],"predecessor-version":[{"id":2598,"href":"https:\/\/pastareadytoeat.com\/es\/wp-json\/wp\/v2\/pages\/2371\/revisions\/2598"}],"wp:attachment":[{"href":"https:\/\/pastareadytoeat.com\/es\/wp-json\/wp\/v2\/media?parent=2371"}],"curies":[{"name":"wp","href":"https:\/\/api.w.org\/{rel}","templated":true}]}}