{"id":3128,"date":"2018-09-13T16:33:57","date_gmt":"2018-09-13T14:33:57","guid":{"rendered":"https:\/\/pastareadytoeat.com\/?page_id=3128"},"modified":"2023-05-02T17:33:21","modified_gmt":"2023-05-02T15:33:21","slug":"minorista","status":"publish","type":"page","link":"https:\/\/pastareadytoeat.com\/es\/minorista\/","title":{"rendered":"Minorista"},"content":{"rendered":"<div class=\"col-sm-10 col-sm-offset-1\">\n<div class=\"col-sm-5\"><img decoding=\"async\" src=\"https:\/\/pastareadytoeat.com\/wp-content\/uploads\/2023\/05\/slide-2.webp\" alt=\"Ready Meals Products by Pasta e Gusto Ready to Eat Italian Food Microwave\" \/><\/div>\n<div class=\"col-sm-7\" style=\"padding-bottom: 30px;\">\n<div style=\"height: 20px;\"><\/div>\n<h3 style=\"color: #f49911;\">MINORISTA<\/h3>\n<div style=\"height: 20px;\"><\/div>\n<p><b> Pasta e Gusto Ready to Eat <\/b> tiene las habilidades para responder de manera r\u00e1pida y cualitativa a las solicitudes de supermercados, tiendas especializadas, almacenes y distribuidores.<\/p>\n<p>\u00a1Bas\u00e1ndonos en un cuidadoso an\u00e1lisis de mercado, implementamos estrategias que nos permiten operar &#8220;justo a tiempo&#8221;, activando periodos promocionales y muchas otras ventajas para satisfacer al m\u00e1ximo a nuestros clientes!<\/p>\n<p>En el sector Exportaci\u00f3n, que constituye una gran parte de nuestra facturaci\u00f3n, permitimos que los clientes traten los problemas y las solicitudes personalizadas de la mejor manera posible en cuanto a la necesidad de suministrar no solo productos exitosos, sino tambi\u00e9n consejos y resoluciones sobre temas relacionados con la log\u00edstica. Transporte, embalaje y aduanas.<\/p>\n<p>Nuestros productos tienen una calidad excelente y la comprensi\u00f3n de los m\u00e9todos de uso es f\u00e1cil y r\u00e1pida; las etiquetas se describen con la m\u00e1xima atenci\u00f3n, lo que nos permite responder de manera eficiente a la demanda de los compradores en toda la categor\u00eda fuera del refrigerador a temperatura ambiente.<\/p>\n<\/div>\n<\/div>\n","protected":false},"excerpt":{"rendered":"<p>MINORISTA Pasta e Gusto Ready to Eat tiene las habilidades para responder de manera r\u00e1pida y cualitativa a las solicitudes de supermercados, tiendas especializadas, almacenes y distribuidores. \u00a1Bas\u00e1ndonos en un cuidadoso an\u00e1lisis de mercado, implementamos estrategias que nos permiten operar &#8220;justo a tiempo&#8221;, activando periodos promocionales y muchas otras ventajas [&hellip;]<\/p>\n","protected":false},"author":1,"featured_media":0,"parent":0,"menu_order":0,"comment_status":"closed","ping_status":"closed","template":"","meta":{"_joinchat":[],"footnotes":""},"class_list":["post-3128","page","type-page","status-publish","hentry"],"_links":{"self":[{"href":"https:\/\/pastareadytoeat.com\/es\/wp-json\/wp\/v2\/pages\/3128","targetHints":{"allow":["GET"]}}],"collection":[{"href":"https:\/\/pastareadytoeat.com\/es\/wp-json\/wp\/v2\/pages"}],"about":[{"href":"https:\/\/pastareadytoeat.com\/es\/wp-json\/wp\/v2\/types\/page"}],"author":[{"embeddable":true,"href":"https:\/\/pastareadytoeat.com\/es\/wp-json\/wp\/v2\/users\/1"}],"replies":[{"embeddable":true,"href":"https:\/\/pastareadytoeat.com\/es\/wp-json\/wp\/v2\/comments?post=3128"}],"version-history":[{"count":6,"href":"https:\/\/pastareadytoeat.com\/es\/wp-json\/wp\/v2\/pages\/3128\/revisions"}],"predecessor-version":[{"id":5715,"href":"https:\/\/pastareadytoeat.com\/es\/wp-json\/wp\/v2\/pages\/3128\/revisions\/5715"}],"wp:attachment":[{"href":"https:\/\/pastareadytoeat.com\/es\/wp-json\/wp\/v2\/media?parent=3128"}],"curies":[{"name":"wp","href":"https:\/\/api.w.org\/{rel}","templated":true}]}}