{"id":3171,"date":"2018-09-13T17:55:32","date_gmt":"2018-09-13T15:55:32","guid":{"rendered":"https:\/\/pastareadytoeat.com\/?page_id=3171"},"modified":"2019-02-20T12:39:07","modified_gmt":"2019-02-20T11:39:07","slug":"maquinas-expendedoras-food-truck","status":"publish","type":"page","link":"https:\/\/pastareadytoeat.com\/es\/maquinas-expendedoras-food-truck\/","title":{"rendered":"M\u00e1quinas expendedoras\/Food Truck"},"content":{"rendered":"<div class=\"wpb-content-wrapper\"><p>[vc_row][vc_column][vc_column_text]<\/p>\n<div class=\"col-sm-10 col-sm-offset-1\" style=\"padding-bottom: 20px;\">\n<div class=\"col-sm-4\"><img decoding=\"async\" src=\"https:\/\/pastareadytoeat.com\/wp-content\/uploads\/2018\/09\/pasta-ready-to-eat-vending-machine.png\" height=\"500px\" alt=\"Food Vending Machines Ready Meals Pasta Ready to Eat\" \/><\/div>\n<div class=\"col-sm-8\" style=\"padding-bottom: 30px;\">\n<div style=\"height: 60px;\"><\/div>\n<h3 style=\"color: #f49911;\">M\u00e1quinas expendedoras<\/h3>\n<div style=\"height: 20px;\"><\/div>\n<p>El ritmo de la vida moderna est\u00e1 cambiando los h\u00e1bitos culinarios de los consumidores, que cada vez prefieren comer fuera del hogar, buscando alternativas deliciosas que, entre otras cosas, hace evidente la globalizaci\u00f3n.<\/p>\n<p>Esta evoluci\u00f3n significa que ahora debemos responder con eficacia a estos consumidores que comen fuera del hogar.<\/p>\n<\/div>\n<\/div>\n<div class=\"col-sm-10 col-sm-offset-1\">\n<div class=\"col-sm-7\" style=\"padding-bottom: 30px;\">\n<div style=\"height: 20px;\"><\/div>\n<h3 style=\"color: #f49911;\">Food Truck<\/h3>\n<div style=\"height: 20px;\"><\/div>\n<p>Gracias a los muchos a\u00f1os de experiencia, <b> Pasta e Gusto Ready to Eat <\/b> cuenta con un amplio conocimiento del sector de Servicios de Alimentos, que ha llevado al desarrollo de una gama de productos para todos los canales: restaurantes y comedores comunitarios. Servicio de comidas en la autopista, empresas de catering, m\u00e1quinas expendedoras, cafeter\u00edas, panader\u00edas, servicio de comidas escolares y distribuidores mayoristas de pan y alimentos.<\/p>\n<p>Nuestros productos incluyen un alto nivel de servicio, escuchando las necesidades de nuestros clientes con un ojo atento a los consumidores.<\/p>\n<p>Esto significa que los operadores de <b> Servicio de alimentos <\/b> con los que trabajamos son nuestros socios, no solo clientes.<\/p>\n<\/div>\n<div class=\"col-sm-5\" style=\"padding-bottom: 60px;\"><img decoding=\"async\" src=\"https:\/\/pastareadytoeat.com\/img\/street_food_pasta_e_gusto_ready_to_eat.jpg\" alt=\"Pasta Ready Meals to Eat Food Truck\" \/><\/div>\n<\/div>\n<p>[\/vc_column_text][\/vc_column][\/vc_row]<\/p>\n<\/div>","protected":false},"excerpt":{"rendered":"<p>[vc_row][vc_column][vc_column_text] M\u00e1quinas expendedoras El ritmo de la vida moderna est\u00e1 cambiando los h\u00e1bitos culinarios de los consumidores, que cada vez prefieren comer fuera del hogar, buscando alternativas deliciosas que, entre otras cosas, hace evidente la globalizaci\u00f3n. Esta evoluci\u00f3n significa que ahora debemos responder con eficacia a estos consumidores que comen [&hellip;]<\/p>\n","protected":false},"author":208,"featured_media":0,"parent":0,"menu_order":0,"comment_status":"closed","ping_status":"closed","template":"","meta":{"_joinchat":[],"footnotes":""},"class_list":["post-3171","page","type-page","status-publish","hentry"],"_links":{"self":[{"href":"https:\/\/pastareadytoeat.com\/es\/wp-json\/wp\/v2\/pages\/3171","targetHints":{"allow":["GET"]}}],"collection":[{"href":"https:\/\/pastareadytoeat.com\/es\/wp-json\/wp\/v2\/pages"}],"about":[{"href":"https:\/\/pastareadytoeat.com\/es\/wp-json\/wp\/v2\/types\/page"}],"author":[{"embeddable":true,"href":"https:\/\/pastareadytoeat.com\/es\/wp-json\/wp\/v2\/users\/208"}],"replies":[{"embeddable":true,"href":"https:\/\/pastareadytoeat.com\/es\/wp-json\/wp\/v2\/comments?post=3171"}],"version-history":[{"count":5,"href":"https:\/\/pastareadytoeat.com\/es\/wp-json\/wp\/v2\/pages\/3171\/revisions"}],"predecessor-version":[{"id":3856,"href":"https:\/\/pastareadytoeat.com\/es\/wp-json\/wp\/v2\/pages\/3171\/revisions\/3856"}],"wp:attachment":[{"href":"https:\/\/pastareadytoeat.com\/es\/wp-json\/wp\/v2\/media?parent=3171"}],"curies":[{"name":"wp","href":"https:\/\/api.w.org\/{rel}","templated":true}]}}