{"id":3175,"date":"2018-09-13T17:56:25","date_gmt":"2018-09-13T15:56:25","guid":{"rendered":"https:\/\/pastareadytoeat.com\/?page_id=3175"},"modified":"2019-02-20T12:39:23","modified_gmt":"2019-02-20T11:39:23","slug":"catering-a-bordo","status":"publish","type":"page","link":"https:\/\/pastareadytoeat.com\/es\/catering-a-bordo\/","title":{"rendered":"Catering a bordo"},"content":{"rendered":"<div class=\"col-sm-10 col-sm-offset-1\" style=\"padding: 30px 0 30px 0;\">\n<div class=\"col-sm-5\">\n<img decoding=\"async\" src=\"https:\/\/pastareadytoeat.com\/wp-content\/uploads\/2018\/09\/pasta_gusto_ready_to_eat_on_board_catering.jpg\" alt=\"Pasta e Gusto Ready Meals to Eat on board catering\"><\/p>\n<div style=\"height: 20px;\"><\/div>\n<\/div>\n<div class=\"col-sm-7\" style=\"padding-bottom: 30px;\">\n<h3 style=\"color: #f49911;\">CATERING A BORDO<\/h3>\n<div style=\"height: 20px;\"><\/div>\n<p>Ya sea en clase ejecutiva o econ\u00f3mica o de bajo costo, ofrecemos el servicio con excelente calidad.<\/p>\n<p>Desarrollamos y dise\u00f1amos nuestros productos al final del viaje.<\/p>\n<p>Ofrecemos este tipo de servicio a cruceros, l\u00edneas a\u00e9reas y ferrocarriles para elevar el nivel de permanencia del cliente.<\/p>\n<p>Ofrecemos envases personalizados y dise\u00f1ados con el mejor cuidado por parte de empresas especializadas en el sector.\n<\/p><\/div>\n<\/div>\n","protected":false},"excerpt":{"rendered":"<p>CATERING A BORDO Ya sea en clase ejecutiva o econ\u00f3mica o de bajo costo, ofrecemos el servicio con excelente calidad. Desarrollamos y dise\u00f1amos nuestros productos al final del viaje. Ofrecemos este tipo de servicio a cruceros, l\u00edneas a\u00e9reas y ferrocarriles para elevar el nivel de permanencia del cliente. Ofrecemos envases [&hellip;]<\/p>\n","protected":false},"author":208,"featured_media":0,"parent":0,"menu_order":0,"comment_status":"closed","ping_status":"closed","template":"","meta":{"_joinchat":[],"footnotes":""},"class_list":["post-3175","page","type-page","status-publish","hentry"],"_links":{"self":[{"href":"https:\/\/pastareadytoeat.com\/es\/wp-json\/wp\/v2\/pages\/3175","targetHints":{"allow":["GET"]}}],"collection":[{"href":"https:\/\/pastareadytoeat.com\/es\/wp-json\/wp\/v2\/pages"}],"about":[{"href":"https:\/\/pastareadytoeat.com\/es\/wp-json\/wp\/v2\/types\/page"}],"author":[{"embeddable":true,"href":"https:\/\/pastareadytoeat.com\/es\/wp-json\/wp\/v2\/users\/208"}],"replies":[{"embeddable":true,"href":"https:\/\/pastareadytoeat.com\/es\/wp-json\/wp\/v2\/comments?post=3175"}],"version-history":[{"count":5,"href":"https:\/\/pastareadytoeat.com\/es\/wp-json\/wp\/v2\/pages\/3175\/revisions"}],"predecessor-version":[{"id":3854,"href":"https:\/\/pastareadytoeat.com\/es\/wp-json\/wp\/v2\/pages\/3175\/revisions\/3854"}],"wp:attachment":[{"href":"https:\/\/pastareadytoeat.com\/es\/wp-json\/wp\/v2\/media?parent=3175"}],"curies":[{"name":"wp","href":"https:\/\/api.w.org\/{rel}","templated":true}]}}