{"id":5793,"date":"2023-05-03T16:38:34","date_gmt":"2023-05-03T14:38:34","guid":{"rendered":"https:\/\/pastareadytoeat.com\/?page_id=5793"},"modified":"2023-05-03T17:02:03","modified_gmt":"2023-05-03T15:02:03","slug":"politica-de-cookies","status":"publish","type":"page","link":"https:\/\/pastareadytoeat.com\/es\/politica-de-cookies\/","title":{"rendered":"Politica de cookies"},"content":{"rendered":"<div class=\"wpb-content-wrapper\"><p>[vc_row][vc_column]<div class=\"foodfarm-container container \">[vc_column_text]Esta informaci\u00f3n se proporciona de conformidad con el art. 13 del Reglamento 679\/2016 (UE) (\u201cGDPR\u201d) a quienes acceden y navegan por el sitio web que se indica a continuaci\u00f3n: www.pastareadytoeat.com (el \u201cSitio Web\u201d) con la finalidad de comunicar al usuario los tipos de cookies que utiliza el Sitio Web as\u00ed como los relativos m\u00e9todos de eliminaci\u00f3n y desactivaci\u00f3n del mismo.<\/p>\n<p><strong> \u00bfQUI\u00c9N ES EL TITULAR DEL TRATAMIENTO?<\/strong><\/p>\n<p>Unibrands Italian Taste llc, con domicilio social en 10300 SW72 St \u2013 Suite #420, Miami FL 33173, USA, en la persona de su representante legal pro tempore, es el responsable del tratamiento de sus datos personales (\u201cPasta Ready to Eat\u201d o &#8220;Due\u00f1o&#8221;).<\/p>\n<p><strong> \u00bfQU\u00c9 SON LAS COOKIES?<\/strong><\/p>\n<p>Las cookies son peque\u00f1os archivos de texto que los sitios visitados por los usuarios env\u00edan a sus terminales, donde se almacenan antes de ser retransmitidos a los mismos sitios en la siguiente visita.<\/p>\n<p>Cada cookie contiene distintos tipos de datos, por ejemplo, puede ser el nombre del servidor desde el que procede la conexi\u00f3n al Sitio Web, un n\u00famero de identificaci\u00f3n o informaci\u00f3n relativa al sistema operativo que est\u00e1 utilizando.<\/p>\n<p>Las cookies se almacenan en el navegador utilizado por el usuario para navegar por el sitio web durante toda la duraci\u00f3n de la sesi\u00f3n y no se almacenan de forma permanente en la PC del usuario.<\/p>\n<p><strong> \u00bfQU\u00c9 TIPOS DE COOKIES UTILIZAMOS?<\/strong><\/p>\n<p>Con car\u00e1cter general, Pasta Ready to Eat utiliza las denominadas cookies t\u00e9cnicas necesarias para garantizar al usuario el mejor funcionamiento del Sitio Web.<\/p>\n<p>Si desea desactivar\/rechazar el uso de estas cookies, puede cambiar la configuraci\u00f3n del navegador de su PC en cualquier momento o desde el banner en la parte inferior derecha mientras navega por el sitio. En su caso, le informamos que la navegaci\u00f3n por el Sitio Web y la utilizaci\u00f3n de sus contenidos podr\u00edan verse comprometidas.<\/p>\n<p>Pasta Ready to Eat, tambi\u00e9n utiliza las llamadas cookies de terceros, estas son cookies de otros sitios web que est\u00e1n alojados en el Sitio Web. En este sentido, lo invitamos a leer la pol\u00edtica de privacidad y los respectivos prop\u00f3sitos y m\u00e9todos de uso y los procedimientos para rechazar la instalaci\u00f3n de las cookies relacionadas directamente en los sitios de los respectivos administradores.<\/p>\n<p>Pasta Ready to Eat utiliza cookies de Google Analytics con el fin de monitorear y verificar el uso del Sitio Web por parte del usuario. Gracias a Google Analytics, el Titular puede conocer el n\u00famero total de veces que el usuario abre un contenido multimedia, tanto de audio como de v\u00eddeo, el n\u00famero de personas que lo abren y las que lo cierran antes de que finalice.<\/p>\n<p>Por fin, el Sitio Web utiliza las llamadas cookies de perfil, necesarias para monitorear y perfilar a los usuarios durante su navegaci\u00f3n, estudiar su comportamiento en el Sitio Web con especial referencia a los intereses y h\u00e1bitos del interesado. A modo de ejemplo, gracias al uso de cookies de elaboraci\u00f3n de perfiles, el Titular tiene visibilidad de las opciones de compra de los usuarios y de las secciones y m\u00f3dulos del Sitio web que se muestran. Las cookies de creaci\u00f3n de perfiles se utilizan principalmente para adquirir informaci\u00f3n sobre el usuario con el fin de reutilizarla con fines de marketing.<\/p>\n<p>Cabe se\u00f1alar que tiene derecho a rechazar el uso de cookies de perfil desactiv\u00e1ndolas, de hecho, puede ejercer su derecho de exclusi\u00f3n al acceder al sitio web, en particular, haciendo clic en el banner de informaci\u00f3n correspondiente.<\/p>\n<p><strong> \u00bfC\u00d3MO DESHABILITAR LAS COOKIES MEDIANTE LA CONFIGURACI\u00d3N DEL NAVEGADOR?<\/strong><\/p>\n<p>A continuaci\u00f3n se proporcionan indicaciones sobre c\u00f3mo deshabilitar\/eliminar las cookies, en funci\u00f3n del tipo de navegador utilizado. Tenga en cuenta que, para que el sitio funcione correctamente, algunas cookies t\u00e9cnicas son esenciales y su eventual desinstalaci\u00f3n podr\u00eda impedir la navegaci\u00f3n. Para rechazar el uso de Cookies de Google Analytics, tal y como se indica en el enlace, es necesario cambiar la configuraci\u00f3n de su navegador descargando el complemento para desactivar JavaScript en el siguiente enlace: https:\/\/tools.google.com\/dlpage \/gaoptout?hl=i.<\/p>\n<p>Adem\u00e1s, seg\u00fan el navegador utilizado, es posible proceder a la desactivaci\u00f3n de las cookies siguiendo las instrucciones espec\u00edficas que se facilitan:<\/p>\n<ul>\n<li>para Chrome, ver la <a href=\"https:\/\/support.google.com\/accounts\/answer\/61416?hl=it\">p\u00e1gina dedicada<\/a><\/li>\n<li>para Mozilla Firefox ver la <a href=\"https:\/\/support.mozilla.org\/en-US\/kb\/enable-and-disable-cookies-website-preferences\">p\u00e1gina dedicada<\/a><\/li>\n<li>para Internet Explorer, ver la <a href=\"https:\/\/support.microsoft.com\/it-it\/help\/17442\/windows-internet-explorer-delete-manage-cookies\">p\u00e1gina dedicada<\/a><\/li>\n<li>para Safari, ver la <a href=\"https:\/\/support.apple.com\/kb\/ph21411?locale=it_IT\">p\u00e1gina dedicada<\/a><\/li>\n<li>para Safari iOS (m\u00f3vil) ver la <a href=\"https:\/\/support.apple.com\/en-us\/HT201265\">p\u00e1gina dedicada<\/a><\/li>\n<li>para Opera ver la <a href=\"https:\/\/support.microsoft.com\/it-it\/help\/17442\/windows-internet-explorer-delete-manage-cookies\">p\u00e1gina dedicada<\/a><\/li>\n<\/ul>\n<p><strong><br \/>\n\u00bfA QUI\u00c9N PUEDO CONTACTAR PARA M\u00c1S INFORMACI\u00d3N?<\/strong><\/p>\n<p>Para obtener m\u00e1s informaci\u00f3n sobre las cookies utilizadas, c\u00f3mo rechazarlas o deshabilitarlas, puede ponerse en contacto con Pasta Ready to Eat en la direcci\u00f3n de correo electr\u00f3nico info@pastareadytoeat.com, o bien puede dirigirse por escrito al DPO a las siguientes direcciones: Delegado de protecci\u00f3n de datos Pasta Ready to Eat \u2013 c\/o Unibrands Italian Taste llc \u2013 10300 SW72 St \u2013 Suite #420, Miami FL 33173, EE. UU.[\/vc_column_text][vc_empty_space]<\/div>\n[\/vc_column][\/vc_row]<\/p>\n<\/div>","protected":false},"excerpt":{"rendered":"<p>[vc_row][vc_column][\/vc_column][\/vc_row]<\/p>\n","protected":false},"author":1,"featured_media":0,"parent":0,"menu_order":0,"comment_status":"closed","ping_status":"closed","template":"","meta":{"_joinchat":[],"footnotes":""},"class_list":["post-5793","page","type-page","status-publish","hentry"],"_links":{"self":[{"href":"https:\/\/pastareadytoeat.com\/es\/wp-json\/wp\/v2\/pages\/5793","targetHints":{"allow":["GET"]}}],"collection":[{"href":"https:\/\/pastareadytoeat.com\/es\/wp-json\/wp\/v2\/pages"}],"about":[{"href":"https:\/\/pastareadytoeat.com\/es\/wp-json\/wp\/v2\/types\/page"}],"author":[{"embeddable":true,"href":"https:\/\/pastareadytoeat.com\/es\/wp-json\/wp\/v2\/users\/1"}],"replies":[{"embeddable":true,"href":"https:\/\/pastareadytoeat.com\/es\/wp-json\/wp\/v2\/comments?post=5793"}],"version-history":[{"count":3,"href":"https:\/\/pastareadytoeat.com\/es\/wp-json\/wp\/v2\/pages\/5793\/revisions"}],"predecessor-version":[{"id":5804,"href":"https:\/\/pastareadytoeat.com\/es\/wp-json\/wp\/v2\/pages\/5793\/revisions\/5804"}],"wp:attachment":[{"href":"https:\/\/pastareadytoeat.com\/es\/wp-json\/wp\/v2\/media?parent=5793"}],"curies":[{"name":"wp","href":"https:\/\/api.w.org\/{rel}","templated":true}]}}