{"id":3881,"date":"2018-12-17T12:22:53","date_gmt":"2019-03-01T10:04:16","guid":{"rendered":"https:\/\/pastareadytoeat.com\/?post_type=product&#038;p=3881"},"modified":"2023-05-05T19:08:43","modified_gmt":"2023-05-05T17:08:43","slug":"fettuccine-a-la-bolonesa","status":"publish","type":"product","link":"https:\/\/pastareadytoeat.com\/es\/producto\/fettuccine-a-la-bolonesa\/","title":{"rendered":"Fettuccine a la Bolo\u00f1esa"},"content":{"rendered":"<div class=\"col-sm-8\">\n<div class=\"caso col-sm-12\" style=\"padding: 0 0 0 0; margin-bottom: 30px; border: 1px solid #c4c4c4; background-color: #ffffff;\">\n<div style=\"color: #ffffff; font-size: 13pt; text-align: center; background-color: #c4c4c4; padding-top: 9px; padding-bottom: 10px;\">\n<p><strong style=\"font-weight: bold;\"><strong style=\"font-weight: bold;\"><img decoding=\"async\" class=\"img-responsive\" style=\"margin: 0 auto;\" src=\"\/img\/icondoc.png\" alt=\"\" \/><\/strong><\/strong><\/p>\n<div style=\"height: 8px;\"><\/div>\n<p><strong style=\"font-weight: bold;\">HOJA T\u00c9CNICA<\/strong><\/p>\n<\/div>\n<div class=\"caso2\" style=\"padding: 30px 21px 30px 21px;\">\n<p style=\"font-size: 14pt; font-weight: bold;\">Peso neto: 300g<\/p>\n<p style=\"font-size: 13pt;\">Condiciones de almacenamiento: a temperatura ambiente en un lugar fresco y seco<\/p>\n<p style=\"font-size: 13pt;\">Shelf-Life: 12 meses | TMC en el momento de la entrega: 11 meses<\/p>\n<p style=\"font-size: 13pt;\">Condiciones ideales de transporte: temperatura entre 0 \u00b0 C y 25 \u00b0 C<\/p>\n<p style=\"font-size: 13pt;\">Almacenamiento despu\u00e9s de la apertura: refrigere y consuma dentro de las 48 horas.<\/p>\n<p style=\"font-size: 13pt;\"><strong style=\"font-weight: bold;\">Ingredientes: <\/strong><span style=\"font-size: 16px;\">Pulpa de tomate 42% (pulpa de tomate, corrector de acidez: \u00e1cido c\u00edtrico), pasta de HUEVO 30% (s\u00e9mola de TRIGO duro 72%, HUEVOS 15%, agua), ternera molida 9%, salchicha de cerdo 7% (carne de cerdo, agua, sal, clara vino, especias, plantas arom\u00e1ticas, concentrado de remolacha, antioxidantes: \u00e1cido asc\u00f3rbico), aceite de oliva virgen extra, APIO, zanahorias, cebolla, aceite de girasol, az\u00facar, aromas naturales, sal, hierbas, especias. Contiene gluten. Puede contener trazas de: mostaza, soja, pescado, leche, sulfitos, huevos, apio y frutos de c\u00e1scara<\/span><\/p>\n<pre class=\"tw-data-placeholder tw-text-small tw-ta\" data-placeholder=\"\" id=\"tw-target-rmn\" dir=\"ltr\"><span class=\"Y2IQFc\"><\/span><\/pre>\n<div jsname=\"fek9E\" class=\"iYB33c\">\n<div jscontroller=\"RXaBU\" data-cviv=\"false\" jsaction=\"R4nmZb:npT2md;C1RXse:PoUyQd\" data-ved=\"2ahUKEwiWvYLdud7-AhUuQvEDHZo2BmgQz_AEegQIBhAP\">\n<div class=\"U9URNb\"><\/div>\n<\/div>\n<p class=\"tw-menu\" id=\"tw-tmenu\">\n<\/div>\n<\/div>\n<\/div>\n<\/div>\n<div class=\"col-sm-4\">\n<div class=\"caso col-sm-12\" style=\"padding: 0 0 0 0; margin-bottom: 30px; border: 1px solid #c4c4c4; background-color: #ffffff;\">\n<div style=\"color: #ffffff; font-size: 13pt; text-align: center; background-color: #c4c4c4; padding-top: 9px; padding-bottom: 10px;\">\n<p><strong style=\"font-weight: bold;\"><strong style=\"font-weight: bold;\"><img decoding=\"async\" class=\"img-responsive\" style=\"margin: 0 auto;\" src=\"\/img\/kcal2.png\" alt=\"\" \/><\/strong><\/strong><\/p>\n<div style=\"height: 8px;\"><\/div>\n<p><strong style=\"font-weight: bold;\">VALORES NUTRICIONALES<\/strong><\/p>\n<\/div>\n<div class=\"caso2\" style=\"padding: 20px;\">\n<table border=\"1\" width=\"100%\" cellspacing=\"2\" cellpadding=\"2\">\n<tbody>\n<tr>\n<td><b>SERVING SIZE<\/b><\/td>\n<td>300g\/10.6oz<\/td>\n<\/tr>\n<tr>\n<td>Calories<\/td>\n<td>531<\/td>\n<\/tr>\n<tr>\n<td>Total Fat 18g<\/td>\n<td>23%<\/td>\n<\/tr>\n<tr>\n<td>Satured Fat 6g<\/td>\n<td>30%<\/td>\n<\/tr>\n<tr>\n<td>Trans Fat 0g<\/td>\n<td>0%<\/td>\n<\/tr>\n<tr>\n<td>Cholesterol 117mg<\/td>\n<td>39%<\/td>\n<\/tr>\n<tr>\n<td>Sodium 840mg<\/td>\n<td>37<\/td>\n<\/tr>\n<tr>\n<td>Total Carbohydrate 75mg<\/td>\n<td>27%<\/td>\n<\/tr>\n<tr>\n<td>Dietaryfiber 3.6g<\/td>\n<td>13%<\/td>\n<\/tr>\n<tr>\n<td>Sugars 9g<\/td>\n<td><\/td>\n<\/tr>\n<tr>\n<td>Inclued 1g Addedsugars<\/td>\n<td>2 %<\/td>\n<\/tr>\n<tr>\n<td>Protein 21g<\/td>\n<td>42%<\/td>\n<\/tr>\n<tr>\n<td>VitaminD 0mcg<\/td>\n<td>0%<\/td>\n<\/tr>\n<tr>\n<td>Calcium 41mg<\/td>\n<td>3%<\/td>\n<\/tr>\n<tr>\n<td>Iron 2mg<\/td>\n<td>11%<\/td>\n<\/tr>\n<tr>\n<td>Potassium 550mg<\/td>\n<td>12%<\/td>\n<\/tr>\n<tr><\/tr>\n<\/tbody>\n<\/table>\n<\/div>\n<\/div>\n<\/div>\n","protected":false},"excerpt":{"rendered":"<p>&nbsp;<\/p>\n<p><strong>PREPARACI\u00d3N<\/strong>:<\/p>\n<p>MICROONDAS: Coloque el recipiente en el microondas sin quitar la l\u00e1mina protectora y caliente durante 90 segundos a 750\/900 vatios (medio-alto).<\/p>\n<p>SART\u00c9N: hechar el contenido en una sart\u00e9n a\u00f1adiendo dos cucharadas de agua y calentar durante 2\/3 minutos a fuego medio revolviendo con cuidado.<\/p>\n<p>&nbsp;<\/p>\n","protected":false},"featured_media":5657,"template":"","meta":{"_joinchat":[]},"pwb-brand":[],"product_brand":[],"product_cat":[280],"product_tag":[],"class_list":{"0":"post-3881","1":"product","2":"type-product","3":"status-publish","4":"has-post-thumbnail","6":"product_cat-pasta-es","8":"first","9":"instock","10":"taxable","11":"shipping-taxable","12":"purchasable","13":"product-type-simple"},"brands":[],"_links":{"self":[{"href":"https:\/\/pastareadytoeat.com\/es\/wp-json\/wp\/v2\/product\/3881","targetHints":{"allow":["GET"]}}],"collection":[{"href":"https:\/\/pastareadytoeat.com\/es\/wp-json\/wp\/v2\/product"}],"about":[{"href":"https:\/\/pastareadytoeat.com\/es\/wp-json\/wp\/v2\/types\/product"}],"wp:featuredmedia":[{"embeddable":true,"href":"https:\/\/pastareadytoeat.com\/es\/wp-json\/wp\/v2\/media\/5657"}],"wp:attachment":[{"href":"https:\/\/pastareadytoeat.com\/es\/wp-json\/wp\/v2\/media?parent=3881"}],"wp:term":[{"taxonomy":"pwb-brand","embeddable":true,"href":"https:\/\/pastareadytoeat.com\/es\/wp-json\/wp\/v2\/pwb-brand?post=3881"},{"taxonomy":"product_brand","embeddable":true,"href":"https:\/\/pastareadytoeat.com\/es\/wp-json\/wp\/v2\/product_brand?post=3881"},{"taxonomy":"product_cat","embeddable":true,"href":"https:\/\/pastareadytoeat.com\/es\/wp-json\/wp\/v2\/product_cat?post=3881"},{"taxonomy":"product_tag","embeddable":true,"href":"https:\/\/pastareadytoeat.com\/es\/wp-json\/wp\/v2\/product_tag?post=3881"}],"curies":[{"name":"wp","href":"https:\/\/api.w.org\/{rel}","templated":true}]}}