{"id":3888,"date":"2018-12-17T13:03:09","date_gmt":"2019-03-01T10:51:54","guid":{"rendered":"https:\/\/pastareadytoeat.com\/?post_type=product&#038;p=3888"},"modified":"2023-05-04T19:30:22","modified_gmt":"2023-05-04T17:30:22","slug":"risotto-con-azafran","status":"publish","type":"product","link":"https:\/\/pastareadytoeat.com\/es\/producto\/risotto-con-azafran\/","title":{"rendered":"Risotto con azafr\u00e1n"},"content":{"rendered":"<div class=\"col-sm-8\">\n<div class=\"caso col-sm-12\" style=\"padding: 0 0 0 0; margin-bottom: 30px; border: 1px solid #c4c4c4; background-color: #ffffff;\">\n<div style=\"color: #ffffff; font-size: 13pt; text-align: center; background-color: #c4c4c4; padding-top: 9px; padding-bottom: 10px;\">\n<p><strong style=\"font-weight: bold;\"><strong style=\"font-weight: bold;\"><img decoding=\"async\" class=\"img-responsive\" style=\"margin: 0 auto;\" src=\"\/img\/icondoc.png\" alt=\"\" \/><\/strong><\/strong><\/p>\n<div style=\"height: 8px;\"><\/div>\n<p><strong style=\"font-weight: bold;\">HOJA T\u00c9CNICA<\/strong><\/p>\n<\/div>\n<div class=\"caso2\" style=\"padding: 30px 21px 30px 21px;\">\n<p style=\"font-size: 14pt; font-weight: bold;\">Peso neto: 300g<\/p>\n<p style=\"font-size: 13pt;\">Condiciones de almacenamiento: a temperatura ambiente en un lugar fresco y seco<\/p>\n<p style=\"font-size: 13pt;\">Shelf-Life: 12 meses<\/p>\n<p style=\"font-size: 13pt;\">Condiciones ideales de transporte: temperatura entre 0 \u00b0 C y 25 \u00b0 C<\/p>\n<p style=\"font-size: 13pt;\">Almacenamiento despu\u00e9s de la apertura: refrigere y consuma dentro de las 48 horas.<\/p>\n<p style=\"font-size: 13pt;\"><strong style=\"font-weight: bold;\">Ingredientes: <\/strong><span style=\"font-size: 16px;\">Bechamel (agua, mantequilla (LECHE), harina de arroz, sal, aromas (APIO)), arroz 31%, aceite de girasol, aromas (LECHE), sal, azafr\u00e1n 0,005%. Puede contener trazas de: mostaza, soja, gluten, pescado, leche, sulfitos, huevos, apio y frutos de c\u00e1scara.<\/span><\/p>\n<div class=\"tw-target-rmn tw-ta-container F0azHf tw-nfl\" id=\"tw-target-rmn-container\">\n<pre class=\"tw-data-placeholder tw-text-small tw-ta\" data-placeholder=\"\" id=\"tw-target-rmn\" dir=\"ltr\"><span class=\"Y2IQFc\"><\/span><\/pre>\n<\/div>\n<div jsname=\"fek9E\" class=\"iYB33c\">\n<div class=\"dlJLJe\">\n<div jscontroller=\"RXaBU\" data-cviv=\"false\" jsaction=\"R4nmZb:npT2md;C1RXse:PoUyQd\" data-ved=\"2ahUKEwj71eHOqdv-AhVGTaQEHSg-CTcQz_AEegQIBRAP\">\n<div class=\"U9URNb\"><\/div>\n<\/div>\n<\/div>\n<div class=\"tw-menu\" id=\"tw-tmenu\"><\/div>\n<\/div>\n<\/div>\n<\/div>\n<\/div>\n<div class=\"col-sm-4\">\n<div class=\"caso col-sm-12\" style=\"padding: 0 0 0 0; margin-bottom: 30px; border: 1px solid #c4c4c4; background-color: #ffffff;\">\n<div style=\"color: #ffffff; font-size: 13pt; text-align: center; background-color: #c4c4c4; padding-top: 9px; padding-bottom: 10px;\">\n<p><strong style=\"font-weight: bold;\"><strong style=\"font-weight: bold;\"><img decoding=\"async\" class=\"img-responsive\" style=\"margin: 0 auto;\" src=\"\/img\/kcal2.png\" alt=\"\" \/><\/strong><\/strong><\/p>\n<div style=\"height: 8px;\"><\/div>\n<p><strong style=\"font-weight: bold;\">VALORES NUTRICIONALES<\/strong><\/p>\n<\/div>\n<div class=\"caso2\" style=\"padding: 20px;\">\n<table border=\"1\" width=\"100%\" cellspacing=\"2\" cellpadding=\"2\">\n<tbody>\n<tr>\n<td><b>SERVING SIZE<\/b><\/td>\n<td>300g\/10.6oz<\/td>\n<\/tr>\n<tr>\n<td>Calories<\/td>\n<td>543<\/td>\n<\/tr>\n<tr>\n<td>Total Fat 26g<\/td>\n<td>33%<\/td>\n<\/tr>\n<tr>\n<td>Satured Fat 10g<\/td>\n<td>50%<\/td>\n<\/tr>\n<tr>\n<td>Trans Fat 0g<\/td>\n<td>0%<\/td>\n<\/tr>\n<tr>\n<td>Cholesterol 40mg<\/td>\n<td>13%<\/td>\n<\/tr>\n<tr>\n<td>Sodium 720mg<\/td>\n<td>31%<\/td>\n<\/tr>\n<tr>\n<td>Total Carbohydrate 69g<\/td>\n<td>25%<\/td>\n<\/tr>\n<tr>\n<td>Dietaryfiber 1.8g<\/td>\n<td>6.5%<\/td>\n<\/tr>\n<tr>\n<td>Sugars 0.6g<\/td>\n<td><\/td>\n<\/tr>\n<tr>\n<td>Inclued 0g Addedsugars<\/td>\n<td>0 %<\/td>\n<\/tr>\n<tr>\n<td>Protein 8g<\/td>\n<td>16%<\/td>\n<\/tr>\n<tr>\n<td>VitaminD mcg<\/td>\n<td>0%<\/td>\n<\/tr>\n<tr>\n<td>Calcium 10mg<\/td>\n<td>0.8%<\/td>\n<\/tr>\n<tr>\n<td>Iron 1mg<\/td>\n<td>5.5%<\/td>\n<\/tr>\n<tr>\n<td>Potassium 133mg<\/td>\n<td>3%<\/td>\n<\/tr>\n<tr><\/tr>\n<\/tbody>\n<\/table>\n<p>&nbsp;<\/p>\n<\/div>\n<\/div>\n<\/div>\n","protected":false},"excerpt":{"rendered":"<p>&nbsp;<\/p>\n<p><strong>PREPARACI\u00d3N<\/strong>:<\/p>\n<p>MICROONDAS: Coloque el recipiente en el microondas sin quitar la l\u00e1mina protectora y caliente durante 90 segundos a 750\/900 vatios (medio-alto).<\/p>\n<p>SART\u00c9N: hechar el contenido en una sart\u00e9n a\u00f1adiendo dos cucharadas de agua y calentar durante 2\/3 minutos a fuego medio revolviendo con cuidado.<\/p>\n<p>&nbsp;<\/p>\n","protected":false},"featured_media":5645,"template":"","meta":{"_joinchat":[]},"pwb-brand":[],"product_brand":[],"product_cat":[282],"product_tag":[],"class_list":{"0":"post-3888","1":"product","2":"type-product","3":"status-publish","4":"has-post-thumbnail","6":"product_cat-risottos","8":"first","9":"instock","10":"taxable","11":"shipping-taxable","12":"purchasable","13":"product-type-simple"},"brands":[],"_links":{"self":[{"href":"https:\/\/pastareadytoeat.com\/es\/wp-json\/wp\/v2\/product\/3888","targetHints":{"allow":["GET"]}}],"collection":[{"href":"https:\/\/pastareadytoeat.com\/es\/wp-json\/wp\/v2\/product"}],"about":[{"href":"https:\/\/pastareadytoeat.com\/es\/wp-json\/wp\/v2\/types\/product"}],"wp:featuredmedia":[{"embeddable":true,"href":"https:\/\/pastareadytoeat.com\/es\/wp-json\/wp\/v2\/media\/5645"}],"wp:attachment":[{"href":"https:\/\/pastareadytoeat.com\/es\/wp-json\/wp\/v2\/media?parent=3888"}],"wp:term":[{"taxonomy":"pwb-brand","embeddable":true,"href":"https:\/\/pastareadytoeat.com\/es\/wp-json\/wp\/v2\/pwb-brand?post=3888"},{"taxonomy":"product_brand","embeddable":true,"href":"https:\/\/pastareadytoeat.com\/es\/wp-json\/wp\/v2\/product_brand?post=3888"},{"taxonomy":"product_cat","embeddable":true,"href":"https:\/\/pastareadytoeat.com\/es\/wp-json\/wp\/v2\/product_cat?post=3888"},{"taxonomy":"product_tag","embeddable":true,"href":"https:\/\/pastareadytoeat.com\/es\/wp-json\/wp\/v2\/product_tag?post=3888"}],"curies":[{"name":"wp","href":"https:\/\/api.w.org\/{rel}","templated":true}]}}