{"id":3891,"date":"2018-12-17T13:15:23","date_gmt":"2019-03-01T14:50:26","guid":{"rendered":"https:\/\/pastareadytoeat.com\/?post_type=product&#038;p=3891"},"modified":"2023-05-04T19:01:54","modified_gmt":"2023-05-04T17:01:54","slug":"lasana-vegetariana","status":"publish","type":"product","link":"https:\/\/pastareadytoeat.com\/es\/producto\/lasana-vegetariana\/","title":{"rendered":"Lasa\u00f1a Vegetariana"},"content":{"rendered":"<div class=\"col-sm-8\">\n<div class=\"caso col-sm-12\" style=\"padding: 0 0 0 0; margin-bottom: 30px; border: 1px solid #c4c4c4; background-color: #ffffff;\">\n<div style=\"color: #ffffff; font-size: 13pt; text-align: center; background-color: #c4c4c4; padding-top: 9px; padding-bottom: 10px;\">\n<p><strong style=\"font-weight: bold;\"><strong style=\"font-weight: bold;\"><img decoding=\"async\" class=\"img-responsive\" style=\"margin: 0 auto;\" src=\"\/img\/icondoc.png\" alt=\"\" \/><\/strong><\/strong><\/p>\n<div style=\"height: 8px;\"><\/div>\n<p><strong style=\"font-weight: bold;\">HOJA T\u00c9CNICA<\/strong><\/p>\n<\/div>\n<div class=\"caso2\" style=\"padding: 30px 21px 30px 21px;\">\n<p style=\"font-size: 14pt; font-weight: bold;\">Peso neto: 300g<\/p>\n<p style=\"font-size: 13pt;\">Condiciones de almacenamiento: a temperatura ambiente en un lugar fresco y seco<\/p>\n<p style=\"font-size: 13pt;\">Shelf-Life: 8 meses<\/p>\n<p style=\"font-size: 13pt;\">Condiciones ideales de transporte: temperatura entre 0 \u00b0 C y 25 \u00b0 C<\/p>\n<p style=\"font-size: 13pt;\">Almacenamiento despu\u00e9s de la apertura: refrigere y consuma dentro de las 48 horas.<\/p>\n<p style=\"font-size: 13pt;\"><strong style=\"font-weight: bold;\">Ingredientes: <\/strong><span class=\"Y2IQFc\" lang=\"es\">Bechamel (agua, LECHE, mantequilla (LECHE), harina de arroz, aceite de girasol, aromas (LECHE), sal, hierbas arom\u00e1ticas), pulpa de tomate (pulpa de tomate, corrector de acidez: \u00e1cido c\u00edtrico), todo HUEVO (s\u00e9mola de TRIGO duro, HUEVOS 25%), berenjenas 5%, pimientos 5%, calabacines 4%, zanahorias 4%, APIO, cebolla, aceite de girasol, aromas naturales, hierbas arom\u00e1ticas, especias. Contiene gluten. Puede contener trazas de: mostaza, soja, pescado, leche, sulfitos, huevos, apio y frutos de c\u00e1scara.<\/span><\/p>\n<\/div>\n<\/div>\n<\/div>\n<div class=\"col-sm-4\">\n<div class=\"caso col-sm-12\" style=\"padding: 0 0 0 0; margin-bottom: 30px; border: 1px solid #c4c4c4; background-color: #ffffff;\">\n<div style=\"color: #ffffff; font-size: 13pt; text-align: center; background-color: #c4c4c4; padding-top: 9px; padding-bottom: 10px;\">\n<p><strong style=\"font-weight: bold;\"><strong style=\"font-weight: bold;\"><img decoding=\"async\" class=\"img-responsive\" style=\"margin: 0 auto;\" src=\"\/img\/kcal2.png\" alt=\"\" \/><\/strong><\/strong><\/p>\n<div style=\"height: 8px;\"><\/div>\n<p><strong style=\"font-weight: bold;\">NUTRION FACTS<\/strong><\/p>\n<\/div>\n<div class=\"caso2\" style=\"padding: 20px;\">\n<table border=\"1\" width=\"100%\" cellspacing=\"2\" cellpadding=\"2\">\n<tbody>\n<tr>\n<td><b>SERVING SIZE<\/b><\/td>\n<td>300g\/10.6oz<\/td>\n<\/tr>\n<tr>\n<td>Calories<\/td>\n<td>360<\/td>\n<\/tr>\n<tr>\n<td>Total Fat 11g<\/td>\n<td>14%<\/td>\n<\/tr>\n<tr>\n<td>Satured Fat 3.3g<\/td>\n<td>17%<\/td>\n<\/tr>\n<tr>\n<td>Trans Fat 0g<\/td>\n<td>0%<\/td>\n<\/tr>\n<tr>\n<td>Cholesterol 42mg<\/td>\n<td>14%<\/td>\n<\/tr>\n<tr>\n<td>Sodium 720mg<\/td>\n<td>26%<\/td>\n<\/tr>\n<tr>\n<td>Total Carbohydrate 42mg<\/td>\n<td>15%<\/td>\n<\/tr>\n<tr>\n<td>Dietaryfiber 3.6g<\/td>\n<td>13%<\/td>\n<\/tr>\n<tr>\n<td>Sugars 8g<\/td>\n<td><\/td>\n<\/tr>\n<tr>\n<td>Inclued 0g Addedsugars<\/td>\n<td>0 %<\/td>\n<\/tr>\n<tr>\n<td>Protein 10g<\/td>\n<td>20%<\/td>\n<\/tr>\n<tr>\n<td>VitaminD 0.15mcg<\/td>\n<td>1%<\/td>\n<\/tr>\n<tr>\n<td>Calcium 54mg<\/td>\n<td>4%<\/td>\n<\/tr>\n<tr>\n<td>Iron 1mg<\/td>\n<td>5.5%<\/td>\n<\/tr>\n<tr>\n<td>Potassium 275mg<\/td>\n<td>6%<\/td>\n<\/tr>\n<tr><\/tr>\n<\/tbody>\n<\/table>\n<\/div>\n<\/div>\n<\/div>\n","protected":false},"excerpt":{"rendered":"<p>&nbsp;<\/p>\n<p><strong>PREPARACI\u00d3N:<\/strong><\/p>\n<p>MICROONDAS: Coloque el recipiente en el microondas sin quitar la l\u00e1mina protectora y caliente durante 90 segundos a 750\/900 vatios (medio-alto).<\/p>\n<p>HORNO: Versar el contenido en un recipiente de horno y calentar por 8-10 minutos a 180 \u00b0.<\/p>\n<p>&nbsp;<\/p>\n","protected":false},"featured_media":5648,"template":"","meta":{"_joinchat":[]},"pwb-brand":[159],"product_brand":[],"product_cat":[279],"product_tag":[],"class_list":{"0":"post-3891","1":"product","2":"type-product","3":"status-publish","4":"has-post-thumbnail","6":"pwb-brand-pasta-gusto","7":"product_cat-lasana-y-canelones","9":"first","10":"instock","11":"taxable","12":"shipping-taxable","13":"purchasable","14":"product-type-simple"},"brands":[{"id":159,"name":"Pasta &amp; Gusto","slug":"pasta-gusto"}],"_links":{"self":[{"href":"https:\/\/pastareadytoeat.com\/es\/wp-json\/wp\/v2\/product\/3891","targetHints":{"allow":["GET"]}}],"collection":[{"href":"https:\/\/pastareadytoeat.com\/es\/wp-json\/wp\/v2\/product"}],"about":[{"href":"https:\/\/pastareadytoeat.com\/es\/wp-json\/wp\/v2\/types\/product"}],"wp:featuredmedia":[{"embeddable":true,"href":"https:\/\/pastareadytoeat.com\/es\/wp-json\/wp\/v2\/media\/5648"}],"wp:attachment":[{"href":"https:\/\/pastareadytoeat.com\/es\/wp-json\/wp\/v2\/media?parent=3891"}],"wp:term":[{"taxonomy":"pwb-brand","embeddable":true,"href":"https:\/\/pastareadytoeat.com\/es\/wp-json\/wp\/v2\/pwb-brand?post=3891"},{"taxonomy":"product_brand","embeddable":true,"href":"https:\/\/pastareadytoeat.com\/es\/wp-json\/wp\/v2\/product_brand?post=3891"},{"taxonomy":"product_cat","embeddable":true,"href":"https:\/\/pastareadytoeat.com\/es\/wp-json\/wp\/v2\/product_cat?post=3891"},{"taxonomy":"product_tag","embeddable":true,"href":"https:\/\/pastareadytoeat.com\/es\/wp-json\/wp\/v2\/product_tag?post=3891"}],"curies":[{"name":"wp","href":"https:\/\/api.w.org\/{rel}","templated":true}]}}