{"id":3892,"date":"2018-12-17T13:17:42","date_gmt":"2019-03-01T14:57:21","guid":{"rendered":"https:\/\/pastareadytoeat.com\/?post_type=product&#038;p=3892"},"modified":"2023-05-04T13:31:44","modified_gmt":"2023-05-04T11:31:44","slug":"penne-con-salsa-de-tomate-y-albahaca","status":"publish","type":"product","link":"https:\/\/pastareadytoeat.com\/es\/producto\/penne-con-salsa-de-tomate-y-albahaca\/","title":{"rendered":"Penne con salsa de tomate y albahaca"},"content":{"rendered":"<div class=\"col-sm-8\">\n<div class=\"caso col-sm-12\" style=\"padding: 0 0 0 0; margin-bottom: 30px; border: 1px solid #c4c4c4; background-color: #ffffff;\">\n<div style=\"color: #ffffff; font-size: 13pt; text-align: center; background-color: #c4c4c4; padding-top: 9px; padding-bottom: 10px;\">\n<p><strong style=\"font-weight: bold;\"><strong style=\"font-weight: bold;\"><img decoding=\"async\" class=\"img-responsive\" style=\"margin: 0 auto;\" src=\"\/img\/icondoc.png\" alt=\"\" \/><\/strong><\/strong><\/p>\n<div style=\"height: 8px;\"><\/div>\n<p><strong style=\"font-weight: bold;\">HOJA T\u00c9CNICA<\/strong><\/p>\n<\/div>\n<div class=\"caso2\" style=\"padding: 30px 21px 30px 21px;\">\n<p class=\"tw-data-text tw-text-large tw-ta\" data-placeholder=\"Traduzione\" id=\"tw-target-text\" dir=\"ltr\"><strong><span class=\"Y2IQFc\" lang=\"es\">Peso: 300g<\/span><\/strong><\/p>\n<p class=\"tw-data-text tw-text-large tw-ta\" data-placeholder=\"Traduzione\" id=\"tw-target-text\" dir=\"ltr\"><span class=\"Y2IQFc\" lang=\"es\">Almacenamiento: a temperatura ambiente en un lugar fresco y seco <\/span><\/p>\n<p class=\"tw-data-text tw-text-large tw-ta\" data-placeholder=\"Traduzione\" dir=\"ltr\"><span class=\"Y2IQFc\" lang=\"es\">Vida \u00fatil: 12 meses <\/span><\/p>\n<p class=\"tw-data-text tw-text-large tw-ta\" data-placeholder=\"Traduzione\" dir=\"ltr\"><span class=\"Y2IQFc\" lang=\"es\">Condiciones de transporte: temperatura entre 0\u00b0C y 25\u00b0C <\/span><\/p>\n<p class=\"tw-data-text tw-text-large tw-ta\" data-placeholder=\"Traduzione\" dir=\"ltr\"><span class=\"Y2IQFc\" lang=\"es\">Conservaci\u00f3n una vez abierto: conservar en refrigeraci\u00f3n y consumir antes de 48 h<\/span><\/p>\n<p class=\"tw-data-text tw-text-large tw-ta\" data-placeholder=\"Traduzione\" id=\"tw-target-text\" dir=\"ltr\"><span class=\"Y2IQFc\" lang=\"es\"><strong>Ingredientes<\/strong>: Pulpa de tomate 62% (pulpa de tomate, corrector de acidez: \u00e1cido c\u00edtrico), pasta de s\u00e9mola de TRIGO duro 31% (s\u00e9mola de TRIGO duro, agua), aceite de girasol, aceite de oliva virgen extra, sal, aromas (APIO), az\u00facar, albahaca 0,7 %, hierbas arom\u00e1ticas, especias. Contiene gluten. Puede contener trazas de: mostaza, soja, pescado, leche, sulfitos, huevos, apio y frutos de c\u00e1scara.<\/span><\/p>\n<\/div>\n<\/div>\n<\/div>\n<div class=\"col-sm-4\">\n<div class=\"caso col-sm-12\" style=\"padding: 0 0 0 0; margin-bottom: 30px; border: 1px solid #c4c4c4; background-color: #ffffff;\">\n<div style=\"color: #ffffff; font-size: 13pt; text-align: center; background-color: #c4c4c4; padding-top: 9px; padding-bottom: 10px;\">\n<p><strong style=\"font-weight: bold;\"><strong style=\"font-weight: bold;\"><img decoding=\"async\" class=\"img-responsive\" style=\"margin: 0 auto;\" src=\"\/img\/kcal2.png\" alt=\"\" \/><\/strong><\/strong><\/p>\n<div style=\"height: 8px;\"><\/div>\n<p><strong style=\"font-weight: bold;\">VALORES NUTRICIONALES<\/strong><\/p>\n<\/div>\n<div class=\"caso2\" style=\"padding: 20px;\">\n<table border=\"1\" width=\"100%\" cellspacing=\"2\" cellpadding=\"2\">\n<tbody>\n<tr>\n<td><b>SERVING SIZE<\/b><\/td>\n<td>300g\/10.6oz<\/td>\n<\/tr>\n<tr>\n<td>Calories<\/td>\n<td>384<\/td>\n<\/tr>\n<tr>\n<td>Total Fat 4g<\/td>\n<td>5%<\/td>\n<\/tr>\n<tr>\n<td>Satured Fat 2.1g<\/td>\n<td>10.5%<\/td>\n<\/tr>\n<tr>\n<td>Trans Fat 0g<\/td>\n<td>0%<\/td>\n<\/tr>\n<tr>\n<td>Cholesterol 0.1mg<\/td>\n<td>0%<\/td>\n<\/tr>\n<tr>\n<td>Sodium 585mg<\/td>\n<td>25%<\/td>\n<\/tr>\n<tr>\n<td>Total Carbohydrate 80mg<\/td>\n<td>29%<\/td>\n<\/tr>\n<tr>\n<td>Dietaryfiber 3.8g<\/td>\n<td>13%<\/td>\n<\/tr>\n<tr>\n<td>Sugars 8g<\/td>\n<td><\/td>\n<\/tr>\n<tr>\n<td>Inclued 1g Addedsugars<\/td>\n<td>2 %<\/td>\n<\/tr>\n<tr>\n<td>Protein 12g<\/td>\n<td>24%<\/td>\n<\/tr>\n<tr>\n<td>VitaminD 0 mcg<\/td>\n<td>0%<\/td>\n<\/tr>\n<tr>\n<td>Calcium 31mg<\/td>\n<td>2%<\/td>\n<\/tr>\n<tr>\n<td>Iron 1mg<\/td>\n<td>5.5%<\/td>\n<\/tr>\n<tr>\n<td>Potassium 501mg<\/td>\n<td>10%<\/td>\n<\/tr>\n<tr><\/tr>\n<\/tbody>\n<\/table>\n<\/div>\n<\/div>\n<\/div>\n","protected":false},"excerpt":{"rendered":"<p>&nbsp;<\/p>\n<p><strong>PREPARACI\u00d3N<\/strong>:<\/p>\n<p>MICROONDAS: Coloque el recipiente en el microondas sin quitar la l\u00e1mina protectora y caliente durante 90 segundos a 750\/900 vatios (medio-alto).<\/p>\n<p>SART\u00c9N: hechar el contenido en una sart\u00e9n a\u00f1adiendo dos cucharadas de agua y calentar durante 2\/3 minutos a fuego medio revolviendo con cuidado.<\/p>\n<p>&nbsp;<\/p>\n","protected":false},"featured_media":5649,"template":"","meta":{"_joinchat":[]},"pwb-brand":[159],"product_brand":[],"product_cat":[280],"product_tag":[],"class_list":{"0":"post-3892","1":"product","2":"type-product","3":"status-publish","4":"has-post-thumbnail","6":"pwb-brand-pasta-gusto","7":"product_cat-pasta-es","9":"first","10":"instock","11":"taxable","12":"shipping-taxable","13":"purchasable","14":"product-type-simple"},"brands":[{"id":159,"name":"Pasta &amp; Gusto","slug":"pasta-gusto"}],"_links":{"self":[{"href":"https:\/\/pastareadytoeat.com\/es\/wp-json\/wp\/v2\/product\/3892","targetHints":{"allow":["GET"]}}],"collection":[{"href":"https:\/\/pastareadytoeat.com\/es\/wp-json\/wp\/v2\/product"}],"about":[{"href":"https:\/\/pastareadytoeat.com\/es\/wp-json\/wp\/v2\/types\/product"}],"wp:featuredmedia":[{"embeddable":true,"href":"https:\/\/pastareadytoeat.com\/es\/wp-json\/wp\/v2\/media\/5649"}],"wp:attachment":[{"href":"https:\/\/pastareadytoeat.com\/es\/wp-json\/wp\/v2\/media?parent=3892"}],"wp:term":[{"taxonomy":"pwb-brand","embeddable":true,"href":"https:\/\/pastareadytoeat.com\/es\/wp-json\/wp\/v2\/pwb-brand?post=3892"},{"taxonomy":"product_brand","embeddable":true,"href":"https:\/\/pastareadytoeat.com\/es\/wp-json\/wp\/v2\/product_brand?post=3892"},{"taxonomy":"product_cat","embeddable":true,"href":"https:\/\/pastareadytoeat.com\/es\/wp-json\/wp\/v2\/product_cat?post=3892"},{"taxonomy":"product_tag","embeddable":true,"href":"https:\/\/pastareadytoeat.com\/es\/wp-json\/wp\/v2\/product_tag?post=3892"}],"curies":[{"name":"wp","href":"https:\/\/api.w.org\/{rel}","templated":true}]}}