{"id":3893,"date":"2018-12-17T13:21:30","date_gmt":"2019-03-01T15:00:59","guid":{"rendered":"https:\/\/pastareadytoeat.com\/?post_type=product&#038;p=3893"},"modified":"2023-05-04T18:17:18","modified_gmt":"2023-05-04T16:17:18","slug":"lasana-bolonesa","status":"publish","type":"product","link":"https:\/\/pastareadytoeat.com\/es\/producto\/lasana-bolonesa\/","title":{"rendered":"Lasa\u00f1a Bolo\u00f1esa"},"content":{"rendered":"<div class=\"col-sm-8\">\n<div class=\"caso col-sm-12\" style=\"padding: 0 0 0 0; margin-bottom: 30px; border: 1px solid #c4c4c4; background-color: #ffffff;\">\n<div style=\"color: #ffffff; font-size: 13pt; text-align: center; background-color: #c4c4c4; padding-top: 9px; padding-bottom: 10px;\">\n<p><strong style=\"font-weight: bold;\"><strong style=\"font-weight: bold;\"><img decoding=\"async\" class=\"img-responsive\" style=\"margin: 0 auto;\" src=\"\/img\/icondoc.png\" alt=\"\" \/><\/strong><\/strong><\/p>\n<div style=\"height: 8px;\"><\/div>\n<p><strong style=\"font-weight: bold;\">HOJA T\u00c9CNICA<\/strong><\/p>\n<\/div>\n<div class=\"caso2\" style=\"padding: 30px 21px 30px 21px;\">\n<p style=\"font-size: 14pt; font-weight: bold;\">Peso neto: 300g<\/p>\n<p style=\"font-size: 13pt;\">Condiciones de almacenamiento: a temperatura ambiente en un lugar fresco y seco<\/p>\n<p style=\"font-size: 13pt;\">Shelf-Life: 12 meses | TMC en el momento de la entrega: 11 meses<\/p>\n<p style=\"font-size: 13pt;\">Condiciones ideales de transporte: temperatura entre 0 \u00b0 C y 25 \u00b0 C<\/p>\n<p style=\"font-size: 13pt;\">Almacenamiento despu\u00e9s de la apertura: refrigere y consuma dentro de las 48 horas.<\/p>\n<p style=\"font-size: 13pt;\"><strong style=\"font-weight: bold;\">Ingredientes:<\/strong> 33% bechamel (agua, mantequilla (LECHE), harina de trigo blando, aceite de girasol, queso (LECHE, sal, cuajo), sal), pulpa de tomate (pulpa de tomate, jugo de tomate, corrector de acidez: \u00e1cido c\u00edtrico), pasta (s\u00e9mola de trigo duro, HUEVOS), 15% de carne picada, salchicha de cerdo 9% (carne de cerdo, agua, sal, az\u00facar: dextrosa, especias, aromatizantes, regulador de la acidez E 262, antioxidante E 300), apio, zanahorias, cebolla, aceite de oliva virgen extra, az\u00facar, sal, caldo (apio). Al\u00e9rgenos: contiene gluten.<\/p>\n<\/div>\n<\/div>\n<\/div>\n<div class=\"col-sm-4\">\n<div class=\"caso col-sm-12\" style=\"padding: 0 0 0 0; margin-bottom: 30px; border: 1px solid #c4c4c4; background-color: #ffffff;\">\n<div style=\"color: #ffffff; font-size: 13pt; text-align: center; background-color: #c4c4c4; padding-top: 9px; padding-bottom: 10px;\">\n<p><strong style=\"font-weight: bold;\"><strong style=\"font-weight: bold;\"><img decoding=\"async\" class=\"img-responsive\" style=\"margin: 0 auto;\" src=\"\/img\/kcal2.png\" alt=\"\" \/><\/strong><\/strong><\/p>\n<div style=\"height: 8px;\"><\/div>\n<p><strong style=\"font-weight: bold;\">VALORES NUTRICIONALES<\/strong><\/p>\n<\/div>\n<div class=\"caso2\" style=\"padding: 20px;\">\n<table width=\"100%\" cellspacing=\"2\" cellpadding=\"2\" border=\"1\">\n<tbody>\n<tr>\n<td><strong style=\"font-weight: bold;\">VALORES NUTRICIONALES<\/strong><\/td>\n<td><strong style=\"font-weight: bold;\">per 100g<\/strong><\/td>\n<\/tr>\n<tr>\n<td>Valor energetico Kcal\/kJ<\/td>\n<td>168 \/ 702<\/td>\n<\/tr>\n<tr>\n<td>Prote\u00edna<\/td>\n<td>6,6 g<\/td>\n<\/tr>\n<tr>\n<td><\/td>\n<td>18,6 g<\/td>\n<\/tr>\n<tr>\n<td>Az\u00facares<\/td>\n<td>2,2 g<\/td>\n<\/tr>\n<tr>\n<td>Grasa<\/td>\n<td>7,6 g<\/td>\n<\/tr>\n<tr>\n<td>Grasas saturadas<\/td>\n<td>3,3 g<\/td>\n<\/tr>\n<tr>\n<td>Fibras<\/td>\n<td>1,1 g<\/td>\n<\/tr>\n<tr>\n<td>Sal<\/td>\n<td>0,6 mg<\/td>\n<\/tr>\n<\/tbody>\n<\/table>\n<\/div>\n<\/div>\n<\/div>\n","protected":false},"excerpt":{"rendered":"<p>&nbsp;<\/p>\n<p><strong>PREPARACI\u00d3N:<\/strong><\/p>\n<p>MICROONDAS: Coloque el recipiente en el microondas sin quitar la l\u00e1mina protectora y caliente durante 90 segundos a 750\/900 vatios (medio-alto).<\/p>\n<p>HORNO: Versar el contenido en un recipiente de horno y calentar por 8-10 minutos a 180 \u00b0.<\/p>\n<p>&nbsp;<\/p>\n","protected":false},"featured_media":5651,"template":"","meta":{"_joinchat":[]},"pwb-brand":[],"product_brand":[],"product_cat":[279],"product_tag":[],"class_list":{"0":"post-3893","1":"product","2":"type-product","3":"status-publish","4":"has-post-thumbnail","6":"product_cat-lasana-y-canelones","8":"first","9":"instock","10":"sale","11":"taxable","12":"shipping-taxable","13":"purchasable","14":"product-type-simple"},"brands":[],"_links":{"self":[{"href":"https:\/\/pastareadytoeat.com\/es\/wp-json\/wp\/v2\/product\/3893","targetHints":{"allow":["GET"]}}],"collection":[{"href":"https:\/\/pastareadytoeat.com\/es\/wp-json\/wp\/v2\/product"}],"about":[{"href":"https:\/\/pastareadytoeat.com\/es\/wp-json\/wp\/v2\/types\/product"}],"wp:featuredmedia":[{"embeddable":true,"href":"https:\/\/pastareadytoeat.com\/es\/wp-json\/wp\/v2\/media\/5651"}],"wp:attachment":[{"href":"https:\/\/pastareadytoeat.com\/es\/wp-json\/wp\/v2\/media?parent=3893"}],"wp:term":[{"taxonomy":"pwb-brand","embeddable":true,"href":"https:\/\/pastareadytoeat.com\/es\/wp-json\/wp\/v2\/pwb-brand?post=3893"},{"taxonomy":"product_brand","embeddable":true,"href":"https:\/\/pastareadytoeat.com\/es\/wp-json\/wp\/v2\/product_brand?post=3893"},{"taxonomy":"product_cat","embeddable":true,"href":"https:\/\/pastareadytoeat.com\/es\/wp-json\/wp\/v2\/product_cat?post=3893"},{"taxonomy":"product_tag","embeddable":true,"href":"https:\/\/pastareadytoeat.com\/es\/wp-json\/wp\/v2\/product_tag?post=3893"}],"curies":[{"name":"wp","href":"https:\/\/api.w.org\/{rel}","templated":true}]}}