{"id":3894,"date":"2018-12-17T13:20:08","date_gmt":"2019-03-01T15:05:47","guid":{"rendered":"https:\/\/pastareadytoeat.com\/?post_type=product&#038;p=3894"},"modified":"2023-05-05T19:02:24","modified_gmt":"2023-05-05T17:02:24","slug":"trofie-con-pesto","status":"publish","type":"product","link":"https:\/\/pastareadytoeat.com\/es\/producto\/trofie-con-pesto\/","title":{"rendered":"Trofie con Pesto"},"content":{"rendered":"<div class=\"col-sm-8\">\n<div class=\"caso col-sm-12\" style=\"padding: 0 0 0 0; margin-bottom: 30px; border: 1px solid #c4c4c4; background-color: #ffffff;\">\n<div style=\"color: #ffffff; font-size: 13pt; text-align: center; background-color: #c4c4c4; padding-top: 9px; padding-bottom: 10px;\">\n<p><strong style=\"font-weight: bold;\"><strong style=\"font-weight: bold;\"><img decoding=\"async\" class=\"img-responsive\" style=\"margin: 0 auto;\" src=\"\/img\/icondoc.png\" alt=\"\" \/><\/strong><\/strong><\/p>\n<div style=\"height: 8px;\"><\/div>\n<p><strong style=\"font-weight: bold;\">HOJA T\u00c9CNICA<\/strong><\/p>\n<\/div>\n<div class=\"caso2\" style=\"padding: 30px 21px 30px 21px;\">\n<p style=\"font-size: 14pt; font-weight: bold;\">Peso : 260g<\/p>\n<p style=\"font-size: 13pt;\">Condiciones de almacenamiento: a temperatura ambiente en un lugar fresco y seco<\/p>\n<p style=\"font-size: 13pt;\">Shelf-Life: 12 meses<\/p>\n<p style=\"font-size: 13pt;\">Condiciones ideales de transporte: temperatura entre 0 \u00b0 C y 25 \u00b0 C<\/p>\n<p style=\"font-size: 13pt;\">Almacenamiento despu\u00e9s de la apertura: refrigere y consuma dentro de las 48 horas.<\/p>\n<p style=\"font-size: 13pt;\"><strong style=\"font-weight: bold;\">Ingredientes:<\/strong><\/p>\n<p class=\"tw-data-text tw-text-large tw-ta\" data-placeholder=\"Traduzione\" id=\"tw-target-text\" dir=\"ltr\"><span class=\"Y2IQFc\" lang=\"es\">Pasta de s\u00e9mola de TRIGO duro 31% (s\u00e9mola de TRIGO duro, agua), albahaca semielaborada 22% (albahaca 65%, aceite de girasol, sal), aceite de girasol 17%, patatas, queso grana padano (LECHE, sal, cuajo, lisozima: prote\u00edna de HUEVO), aromas naturales, pi\u00f1ones 0,4%, hierbas arom\u00e1ticas. Contiene gluten. Puede contener trazas de: mostaza, soja, pescado, leche, sulfitos, huevos, apio y frutos de c\u00e1scara.<\/span><\/p>\n<\/div>\n<\/div>\n<\/div>\n<div class=\"col-sm-4\">\n<div class=\"caso col-sm-12\" style=\"padding: 0 0 0 0; margin-bottom: 30px; border: 1px solid #c4c4c4; background-color: #ffffff;\">\n<div style=\"color: #ffffff; font-size: 13pt; text-align: center; background-color: #c4c4c4; padding-top: 9px; padding-bottom: 10px;\">\n<p><strong style=\"font-weight: bold;\"><strong style=\"font-weight: bold;\"><img decoding=\"async\" class=\"img-responsive\" style=\"margin: 0 auto;\" src=\"\/img\/kcal2.png\" alt=\"\" \/><\/strong><\/strong><\/p>\n<div style=\"height: 8px;\"><\/div>\n<p><strong style=\"font-weight: bold;\">NUTRITION FACTS<\/strong><\/p>\n<\/div>\n<\/div>\n<\/div>\n<div class=\"caso2\" style=\"padding: 20px;\">\n<table border=\"1\" width=\"100%\" cellspacing=\"2\" cellpadding=\"2\">\n<tbody>\n<tr>\n<td><b>SERVING SIZE<\/b><\/td>\n<td>300g\/10.6oz<\/td>\n<\/tr>\n<tr>\n<td>Calories<\/td>\n<td>897<\/td>\n<\/tr>\n<tr>\n<td>Total Fat 78g<\/td>\n<td>100%<\/td>\n<\/tr>\n<tr>\n<td>Satured Fat 4.5g<\/td>\n<td>13.5%<\/td>\n<\/tr>\n<tr>\n<td>Trans Fat 0g<\/td>\n<td>0%<\/td>\n<\/tr>\n<tr>\n<td>Cholesterol 3mg<\/td>\n<td>1%<\/td>\n<\/tr>\n<tr>\n<td>Sodium 960mg<\/td>\n<td>42%<\/td>\n<\/tr>\n<tr>\n<td>Total Carbohydrate 57mg<\/td>\n<td>21%<\/td>\n<\/tr>\n<tr>\n<td>Dietaryfiber 4.7g<\/td>\n<td>17%<\/td>\n<\/tr>\n<tr>\n<td>Sugars 6.9g<\/td>\n<td><\/td>\n<\/tr>\n<tr>\n<td>Inclued 0g Addedsugars<\/td>\n<td>0 %<\/td>\n<\/tr>\n<tr>\n<td>Protein 13g<\/td>\n<td>26%<\/td>\n<\/tr>\n<tr>\n<td>VitaminD mcg<\/td>\n<td>0%<\/td>\n<\/tr>\n<tr>\n<td>Calcium 141mg<\/td>\n<td>11%<\/td>\n<\/tr>\n<tr>\n<td>Iron 3mg<\/td>\n<td>16%<\/td>\n<\/tr>\n<tr>\n<td>Potassium 470mg<\/td>\n<td>10%<\/td>\n<\/tr>\n<tr><\/tr>\n<\/tbody>\n<\/table>\n<\/div>\n","protected":false},"excerpt":{"rendered":"<p>&nbsp;<\/p>\n<p><strong>PREPARACI\u00d3N<\/strong>:<\/p>\n<p>MICROONDAS: Coloque el recipiente en el microondas sin quitar la l\u00e1mina protectora y caliente durante 90 segundos a 750\/900 vatios (medio-alto).<\/p>\n<p>SART\u00c9N: hechar el contenido en una sart\u00e9n a\u00f1adiendo dos cucharadas de agua y calentar durante 2\/3 minutos a fuego medio revolviendo con cuidado.<\/p>\n<p>&nbsp;<\/p>\n","protected":false},"featured_media":5650,"template":"","meta":{"_joinchat":[]},"pwb-brand":[],"product_brand":[],"product_cat":[280],"product_tag":[],"class_list":{"0":"post-3894","1":"product","2":"type-product","3":"status-publish","4":"has-post-thumbnail","6":"product_cat-pasta-es","8":"first","9":"instock","10":"taxable","11":"shipping-taxable","12":"purchasable","13":"product-type-simple"},"brands":[],"_links":{"self":[{"href":"https:\/\/pastareadytoeat.com\/es\/wp-json\/wp\/v2\/product\/3894","targetHints":{"allow":["GET"]}}],"collection":[{"href":"https:\/\/pastareadytoeat.com\/es\/wp-json\/wp\/v2\/product"}],"about":[{"href":"https:\/\/pastareadytoeat.com\/es\/wp-json\/wp\/v2\/types\/product"}],"wp:featuredmedia":[{"embeddable":true,"href":"https:\/\/pastareadytoeat.com\/es\/wp-json\/wp\/v2\/media\/5650"}],"wp:attachment":[{"href":"https:\/\/pastareadytoeat.com\/es\/wp-json\/wp\/v2\/media?parent=3894"}],"wp:term":[{"taxonomy":"pwb-brand","embeddable":true,"href":"https:\/\/pastareadytoeat.com\/es\/wp-json\/wp\/v2\/pwb-brand?post=3894"},{"taxonomy":"product_brand","embeddable":true,"href":"https:\/\/pastareadytoeat.com\/es\/wp-json\/wp\/v2\/product_brand?post=3894"},{"taxonomy":"product_cat","embeddable":true,"href":"https:\/\/pastareadytoeat.com\/es\/wp-json\/wp\/v2\/product_cat?post=3894"},{"taxonomy":"product_tag","embeddable":true,"href":"https:\/\/pastareadytoeat.com\/es\/wp-json\/wp\/v2\/product_tag?post=3894"}],"curies":[{"name":"wp","href":"https:\/\/api.w.org\/{rel}","templated":true}]}}