{"id":5813,"date":"2023-03-31T10:07:03","date_gmt":"2023-03-31T08:07:03","guid":{"rendered":"https:\/\/pastareadytoeat.com\/product\/lasagna-with-meat-sauce\/"},"modified":"2023-05-04T12:44:36","modified_gmt":"2023-05-04T10:44:36","slug":"lasana-con-salsa-de-carne","status":"publish","type":"product","link":"https:\/\/pastareadytoeat.com\/es\/producto\/lasana-con-salsa-de-carne\/","title":{"rendered":"Lasa\u00f1a con Salsa de Carne"},"content":{"rendered":"<div class=\"col-sm-7\">\n<div class=\"caso col-sm-12\" style=\"padding: 0 0 0 0; margin-bottom: 30px; border: 1px solid #c4c4c4; background-color: #ffffff;\">\n<div style=\"color: #ffffff; font-size: 13pt; text-align: center; background-color: #c4c4c4; padding-top: 9px; padding-bottom: 10px;\">\n<p><strong style=\"font-weight: bold;\"><strong style=\"font-weight: bold;\"><img decoding=\"async\" class=\"img-responsive\" style=\"margin: 0 auto;\" src=\"\/img\/icondoc.png\" alt=\"\" \/><\/strong><\/strong><\/p>\n<div style=\"height: 8px;\"><\/div>\n<p><strong style=\"font-weight: bold;\">INFORMATIONS<\/strong><\/p>\n<\/div>\n<div class=\"caso2\" style=\"padding: 30px 21px 30px 21px;\">\n<p><strong><span class=\"Y2IQFc\" lang=\"es\">Peso: 300g<\/span><\/strong><\/p>\n<p class=\"tw-data-text tw-text-large tw-ta\" data-placeholder=\"Traduzione\" id=\"tw-target-text\" dir=\"ltr\"><span class=\"Y2IQFc\" lang=\"es\">Almacenamiento: a temperatura ambiente en un lugar fresco y seco<\/span><\/p>\n<p><span class=\"Y2IQFc\" lang=\"es\">Vida \u00fatil: 8 meses <\/span><\/p>\n<p class=\"tw-data-text tw-text-large tw-ta\" data-placeholder=\"Traduzione\" id=\"tw-target-text\" dir=\"ltr\"><span class=\"Y2IQFc\" lang=\"es\">Condiciones de transport<strong>e<\/strong>: temperatura entre 0\u00b0C y 25\u00b0C<\/span><\/p>\n<p class=\"tw-data-text tw-text-large tw-ta\" data-placeholder=\"Traduzione\" id=\"tw-target-text\" dir=\"ltr\"><span class=\"Y2IQFc\" lang=\"es\">Conservaci\u00f3n una vez abierto: conservar en refrigeraci\u00f3n y consumir antes de 48 h<\/span><\/p>\n<p class=\"tw-data-text tw-text-large tw-ta\" data-placeholder=\"Traduzione\" id=\"tw-target-text\" dir=\"ltr\"><span class=\"Y2IQFc\" lang=\"es\">Ingredientes: Pulpa de tomate 70% (pulpa de tomate, corrector de acidez: \u00e1cido c\u00edtrico), pasta de HUEVO 12% (s\u00e9mola de TRIGO duro, HUEVOS 25%), carne picada 12%, APIO, zanahorias, cebolla, aceite de semilla de girasol, aromas, sal . Contiene gluten. Puede contener trazas de: mostaza, soja, pescado, leche, sulfitos, huevos, apio y frutos de c\u00e1scara.<\/span><\/p>\n<\/div>\n<\/div>\n<\/div>\n<div class=\"col-sm-5\">\n<div class=\"caso col-sm-12\" style=\"padding: 0 0 0 0; margin-bottom: 30px; border: 1px solid #c4c4c4; background-color: #ffffff;\">\n<div style=\"color: #ffffff; font-size: 13pt; text-align: center; background-color: #c4c4c4; padding-top: 9px; padding-bottom: 10px;\">\n<p><strong style=\"font-weight: bold;\"><strong style=\"font-weight: bold;\"><img decoding=\"async\" class=\"img-responsive\" style=\"margin: 0 auto;\" src=\"\/img\/kcal2.png\" alt=\"\" \/><\/strong><\/strong><\/p>\n<div style=\"height: 8px;\"><\/div>\n<p><strong style=\"font-weight: bold;\">NUTRITION FACTS<br \/>\n<\/strong><\/p>\n<\/div>\n<div class=\"caso2\" style=\"padding: 20px;\">\n<div class=\"caso2\" style=\"padding: 20px;\">\n<table border=\"1\" width=\"100%\" cellspacing=\"2\" cellpadding=\"2\">\n<tbody>\n<tr>\n<td><b>SERVING SIZE<\/b><\/td>\n<td>300g\/10.6oz<\/td>\n<\/tr>\n<tr>\n<td>Calories<\/td>\n<td>291<\/td>\n<\/tr>\n<tr>\n<td>Total Fat 10g<\/td>\n<td>6%<\/td>\n<\/tr>\n<tr>\n<td>Satured Fat 3.3g<\/td>\n<td>6%<\/td>\n<\/tr>\n<tr>\n<td>Trans Fat 0g<\/td>\n<td>0%<\/td>\n<\/tr>\n<tr>\n<td>Cholesterol 0mg<\/td>\n<td>22%<\/td>\n<\/tr>\n<tr>\n<td>Sodium 840mg<\/td>\n<td>36%<\/td>\n<\/tr>\n<tr>\n<td>Total Carbohydrate 13mg<\/td>\n<td>4.7%<\/td>\n<\/tr>\n<tr>\n<td>Dietaryfiber 3.3g<\/td>\n<td>12%<\/td>\n<\/tr>\n<tr>\n<td>Sugars 8g<\/td>\n<td><\/td>\n<\/tr>\n<tr>\n<td>Inclued 0g Addedsugars<\/td>\n<td>0 %<\/td>\n<\/tr>\n<tr>\n<td>Protein 10g<\/td>\n<td>20%<\/td>\n<\/tr>\n<tr>\n<td>VitaminD mcg<\/td>\n<td>0%<\/td>\n<\/tr>\n<tr>\n<td>Calcium 62mg<\/td>\n<td>4.8%<\/td>\n<\/tr>\n<tr>\n<td>Iron 2.2mg<\/td>\n<td>12%<\/td>\n<\/tr>\n<tr>\n<td>Potassium 240mg<\/td>\n<td>5%<\/td>\n<\/tr>\n<tr><\/tr>\n<\/tbody>\n<\/table>\n<\/div>\n<\/div>\n<\/div>\n<\/div>\n","protected":false},"excerpt":{"rendered":"<p class=\"tw-data-text tw-text-large tw-ta\" data-placeholder=\"Traduzione\" id=\"tw-target-text\" dir=\"ltr\"><span class=\"Y2IQFc\" lang=\"es\"><br \/>\n<strong>PREPARACI\u00d3N<\/strong>: <\/span><span class=\"Y2IQFc\" lang=\"es\">MICROONDAS &#8211; Coloque el recipiente en el microondas sin quitar la l\u00e1mina protectora y cali\u00e9ntelo durante 90 segundos a 750\/900 vatios (medio-alto). <\/span><\/p>\n<p class=\"tw-data-text tw-text-large tw-ta\" data-placeholder=\"Traduzione\" dir=\"ltr\"><span class=\"Y2IQFc\" lang=\"es\">HORNO &#8211; Retire la pel\u00edcula protectora, coloque la bandeja directamente en la fuente del horno y caliente durante 8-10 minutos a 180\u00b0 c.<\/span><\/p>\n","protected":false},"featured_media":5661,"template":"","meta":{"_joinchat":[]},"pwb-brand":[],"product_brand":[],"product_cat":[279],"product_tag":[],"class_list":{"0":"post-5813","1":"product","2":"type-product","3":"status-publish","4":"has-post-thumbnail","6":"product_cat-lasana-y-canelones","8":"first","9":"instock","10":"taxable","11":"shipping-taxable","12":"purchasable","13":"product-type-simple"},"brands":[],"_links":{"self":[{"href":"https:\/\/pastareadytoeat.com\/es\/wp-json\/wp\/v2\/product\/5813","targetHints":{"allow":["GET"]}}],"collection":[{"href":"https:\/\/pastareadytoeat.com\/es\/wp-json\/wp\/v2\/product"}],"about":[{"href":"https:\/\/pastareadytoeat.com\/es\/wp-json\/wp\/v2\/types\/product"}],"wp:featuredmedia":[{"embeddable":true,"href":"https:\/\/pastareadytoeat.com\/es\/wp-json\/wp\/v2\/media\/5661"}],"wp:attachment":[{"href":"https:\/\/pastareadytoeat.com\/es\/wp-json\/wp\/v2\/media?parent=5813"}],"wp:term":[{"taxonomy":"pwb-brand","embeddable":true,"href":"https:\/\/pastareadytoeat.com\/es\/wp-json\/wp\/v2\/pwb-brand?post=5813"},{"taxonomy":"product_brand","embeddable":true,"href":"https:\/\/pastareadytoeat.com\/es\/wp-json\/wp\/v2\/product_brand?post=5813"},{"taxonomy":"product_cat","embeddable":true,"href":"https:\/\/pastareadytoeat.com\/es\/wp-json\/wp\/v2\/product_cat?post=5813"},{"taxonomy":"product_tag","embeddable":true,"href":"https:\/\/pastareadytoeat.com\/es\/wp-json\/wp\/v2\/product_tag?post=5813"}],"curies":[{"name":"wp","href":"https:\/\/api.w.org\/{rel}","templated":true}]}}