{"id":5826,"date":"2020-06-26T12:33:59","date_gmt":"2020-06-26T10:33:59","guid":{"rendered":"https:\/\/pastareadytoeat.com\/product\/fusilli-with-bolognese-sauce\/"},"modified":"2023-05-04T16:41:13","modified_gmt":"2023-05-04T14:41:13","slug":"fusilli-con-salsa-bolonesa","status":"publish","type":"product","link":"https:\/\/pastareadytoeat.com\/es\/producto\/fusilli-con-salsa-bolonesa\/","title":{"rendered":"Fusilli con salsa bolo\u00f1esa"},"content":{"rendered":"<div class=\"col-sm-7\">\n<div class=\"caso col-sm-12\" style=\"padding: 0 0 0 0; margin-bottom: 30px; border: 1px solid #c4c4c4; background-color: #ffffff;\">\n<div style=\"color: #ffffff; font-size: 13pt; text-align: center; background-color: #c4c4c4; padding-top: 9px; padding-bottom: 10px;\">\n<p><strong style=\"font-weight: bold;\"><strong style=\"font-weight: bold;\"><img decoding=\"async\" class=\"img-responsive\" style=\"margin: 0 auto;\" src=\"\/img\/icondoc.png\" alt=\"\" \/><\/strong><\/strong><\/p>\n<div style=\"height: 8px;\"><\/div>\n<p><strong style=\"font-weight: bold;\">INFORMATIONS<\/strong><\/p>\n<\/div>\n<div class=\"caso2\" style=\"padding: 30px 21px 30px 21px;\">\n<p style=\"font-size: 14pt; font-weight: bold;\">Pesa: 300g<\/p>\n<p class=\"tw-data-text tw-text-large tw-ta\" data-placeholder=\"Traduzione\" id=\"tw-target-text\" dir=\"ltr\"><span class=\"Y2IQFc\" lang=\"es\">Almacenamiento: a temperatura ambiente en un lugar fresco y seco<\/span><\/p>\n<p class=\"tw-data-text tw-text-large tw-ta\" data-placeholder=\"Traduzione\" dir=\"ltr\"><span class=\"Y2IQFc\" lang=\"es\">Vida \u00fatil: 12 meses <\/span><\/p>\n<p class=\"tw-data-text tw-text-large tw-ta\" data-placeholder=\"Traduzione\" dir=\"ltr\"><span class=\"Y2IQFc\" lang=\"es\">Condiciones de transporte: temperatura entre 0\u00b0C y 25\u00b0C Conservaci\u00f3n una vez abierto: conservar en refrigeraci\u00f3n y consumir antes de 48 h<\/span><\/p>\n<p class=\"tw-data-text tw-text-large tw-ta\" data-placeholder=\"Traduzione\" id=\"tw-target-text\" dir=\"ltr\"><span class=\"Y2IQFc\" lang=\"es\"><strong>Ingredientes<\/strong>: Pulpa de tomate 42% (pulpa de tomate, corrector de acidez: \u00e1cido c\u00edtrico), pasta 30% (s\u00e9mola de TRIGO duro, agua), ternera molida 9%, salchicha de cerdo 7% (carne de cerdo, agua, sal, vino blanco, especias, arom\u00e1ticas vegetales, concentrado de remolacha, antioxidantes: \u00e1cido asc\u00f3rbico), aceite de oliva virgen extra, APIO, zanahorias, cebolla, aceite de girasol, az\u00facar, aromas, sal, hierbas arom\u00e1ticas, especias. Contiene gluten. Puede contener trazas de: mostaza, soja, pescado, leche, sulfitos, huevos, apio y frutos de c\u00e1scara.<del><br \/>\n<\/del><\/span><\/p>\n<\/div>\n<\/div>\n<\/div>\n<div class=\"col-sm-5\">\n<div class=\"caso col-sm-12\" style=\"padding: 0 0 0 0; margin-bottom: 30px; border: 1px solid #c4c4c4; background-color: #ffffff;\">\n<div style=\"color: #ffffff; font-size: 13pt; text-align: center; background-color: #c4c4c4; padding-top: 9px; padding-bottom: 10px;\">\n<p><strong style=\"font-weight: bold;\"><strong style=\"font-weight: bold;\"><img decoding=\"async\" class=\"img-responsive\" style=\"margin: 0 auto;\" src=\"\/img\/kcal2.png\" alt=\"\" \/><\/strong><\/strong><\/p>\n<div style=\"height: 8px;\">NUTRITION FACTS<\/div>\n<p>&nbsp;<\/p>\n<\/div>\n<div class=\"caso2\" style=\"padding: 20px;\">\n<div class=\"caso2\" style=\"padding: 20px;\">\n<table border=\"1\" width=\"100%\" cellspacing=\"2\" cellpadding=\"2\">\n<tbody>\n<tr>\n<td><b>SERVING SIZE<\/b><\/td>\n<td>300g\/10.6oz<\/td>\n<\/tr>\n<tr>\n<td>Calories<\/td>\n<td>537<\/td>\n<\/tr>\n<tr>\n<td>Total Fat 22g<\/td>\n<td>28%<\/td>\n<\/tr>\n<tr>\n<td>Satured Fat 6g<\/td>\n<td>30%<\/td>\n<\/tr>\n<tr>\n<td>Trans Fat 0g<\/td>\n<td>0%<\/td>\n<\/tr>\n<tr>\n<td>Cholesterol 32mg<\/td>\n<td>11%<\/td>\n<\/tr>\n<tr>\n<td>Sodium 840mg<\/td>\n<td>37%<\/td>\n<\/tr>\n<tr>\n<td>Total Carbohydrate 69mg<\/td>\n<td>25%<\/td>\n<\/tr>\n<tr>\n<td>Dietaryfiber 3.2g<\/td>\n<td>11%<\/td>\n<\/tr>\n<tr>\n<td>Sugars 7g<\/td>\n<td><\/td>\n<\/tr>\n<tr>\n<td>Inclued 1g Addedsugars<\/td>\n<td>2 %<\/td>\n<\/tr>\n<tr>\n<td>Protein 18g<\/td>\n<td>36%<\/td>\n<\/tr>\n<tr>\n<td>VitaminD mcg<\/td>\n<td>0%<\/td>\n<\/tr>\n<tr>\n<td>Calcium 36mg<\/td>\n<td>3%<\/td>\n<\/tr>\n<tr>\n<td>Iron 2mg<\/td>\n<td>11%<\/td>\n<\/tr>\n<tr>\n<td>Potassium 530mg<\/td>\n<td>11%<\/td>\n<\/tr>\n<tr><\/tr>\n<\/tbody>\n<\/table>\n<\/div>\n<\/div>\n<\/div>\n<\/div>\n","protected":false},"excerpt":{"rendered":"<p class=\"tw-data-text tw-text-large tw-ta\" data-placeholder=\"Traduzione\" id=\"tw-target-text\" dir=\"ltr\"><span class=\"Y2IQFc\" lang=\"es\"><strong>PREPARACI\u00d3N<\/strong>: <\/span><\/p>\n<p class=\"tw-data-text tw-text-large tw-ta\" data-placeholder=\"Traduzione\" dir=\"ltr\"><span class=\"Y2IQFc\" lang=\"es\">MICROONDAS &#8211; Levante la pel\u00edcula protectora, dejando un borde pegado. Abra el sobre de salsa y vierta la salsa sobre la pasta sin mezclar. Vuelva a colocar la pel\u00edcula protectora sobre el recipiente y caliente durante 90 segundos a 900 vatios (o 2 minutos en un microondas de 750 vatios). Cuando est\u00e9 listo, mezcle con cuidado y sirva. <\/span><\/p>\n<p class=\"tw-data-text tw-text-large tw-ta\" data-placeholder=\"Traduzione\" dir=\"ltr\"><span class=\"Y2IQFc\" lang=\"es\">SART\u00c9N &#8211; Verter el contenido en una sart\u00e9n, a\u00f1adir dos cucharadas de agua y calentar durante 2\/3 minutos a fuego medio removiendo con cuidado.<\/span><\/p>\n","protected":false},"featured_media":5654,"template":"","meta":{"_joinchat":[]},"pwb-brand":[],"product_brand":[],"product_cat":[280],"product_tag":[],"class_list":{"0":"post-5826","1":"product","2":"type-product","3":"status-publish","4":"has-post-thumbnail","6":"product_cat-pasta-es","8":"first","9":"instock","10":"taxable","11":"shipping-taxable","12":"purchasable","13":"product-type-simple"},"brands":[],"_links":{"self":[{"href":"https:\/\/pastareadytoeat.com\/es\/wp-json\/wp\/v2\/product\/5826","targetHints":{"allow":["GET"]}}],"collection":[{"href":"https:\/\/pastareadytoeat.com\/es\/wp-json\/wp\/v2\/product"}],"about":[{"href":"https:\/\/pastareadytoeat.com\/es\/wp-json\/wp\/v2\/types\/product"}],"wp:featuredmedia":[{"embeddable":true,"href":"https:\/\/pastareadytoeat.com\/es\/wp-json\/wp\/v2\/media\/5654"}],"wp:attachment":[{"href":"https:\/\/pastareadytoeat.com\/es\/wp-json\/wp\/v2\/media?parent=5826"}],"wp:term":[{"taxonomy":"pwb-brand","embeddable":true,"href":"https:\/\/pastareadytoeat.com\/es\/wp-json\/wp\/v2\/pwb-brand?post=5826"},{"taxonomy":"product_brand","embeddable":true,"href":"https:\/\/pastareadytoeat.com\/es\/wp-json\/wp\/v2\/product_brand?post=5826"},{"taxonomy":"product_cat","embeddable":true,"href":"https:\/\/pastareadytoeat.com\/es\/wp-json\/wp\/v2\/product_cat?post=5826"},{"taxonomy":"product_tag","embeddable":true,"href":"https:\/\/pastareadytoeat.com\/es\/wp-json\/wp\/v2\/product_tag?post=5826"}],"curies":[{"name":"wp","href":"https:\/\/api.w.org\/{rel}","templated":true}]}}