{"id":5859,"date":"2023-03-31T18:49:45","date_gmt":"2023-03-31T16:49:45","guid":{"rendered":"https:\/\/pastareadytoeat.com\/product\/asparagus-sauce\/"},"modified":"2023-05-10T17:35:41","modified_gmt":"2023-05-10T15:35:41","slug":"salsa-de-esparragos","status":"publish","type":"product","link":"https:\/\/pastareadytoeat.com\/es\/producto\/salsa-de-esparragos\/","title":{"rendered":"Salsa de Esp\u00e1rragos"},"content":{"rendered":"<div class=\"col-sm-7\">\n<div class=\"caso col-sm-12\" style=\"padding: 0 0 0 0; margin-bottom: 30px; border: 1px solid #c4c4c4; background-color: #ffffff;\">\n<div style=\"color: #ffffff; font-size: 13pt; text-align: center; background-color: #c4c4c4; padding-top: 9px; padding-bottom: 10px;\">\n<p><strong style=\"font-weight: bold;\"><strong style=\"font-weight: bold;\"><img decoding=\"async\" class=\"img-responsive\" style=\"margin: 0 auto;\" src=\"\/img\/icondoc.png\" alt=\"\" \/><\/strong><\/strong><\/p>\n<div style=\"height: 8px;\"><\/div>\n<p><strong style=\"font-weight: bold;\">INFORMATIONS<\/strong><\/p>\n<\/div>\n<div class=\"caso2\" style=\"padding: 30px 21px 30px 21px;\">\n<p><strong>Pesos: 3x150g<\/strong><\/p>\n<p>Almacenamiento: a temperatura ambiente en un lugar fresco y seco<\/p>\n<p>Vida \u00fatil: 24 meses<\/p>\n<p>Condiciones de transporte: temperatura entre 0\u00b0C y 25\u00b0C<\/p>\n<p>Conservaci\u00f3n una vez abierto: conservar en refrigeraci\u00f3n y consumir en 24h<\/p>\n<p>Ingredientes: bechamel (agua, mantequilla (LECHE), harina de arroz, sal, aromas), esp\u00e1rragos 32%, aceite de girasol, aromas, cebolla en polvo, ajo en polvo, sal<\/p>\n<\/div>\n<\/div>\n<\/div>\n<div class=\"col-sm-5\">\n<div class=\"caso col-sm-12\" style=\"padding: 0 0 0 0; margin-bottom: 30px; border: 1px solid #c4c4c4; background-color: #ffffff;\">\n<div style=\"color: #ffffff; font-size: 13pt; text-align: center; background-color: #c4c4c4; padding-top: 9px; padding-bottom: 10px;\">\n<p><strong style=\"font-weight: bold;\"><strong style=\"font-weight: bold;\"><img decoding=\"async\" class=\"img-responsive\" style=\"margin: 0 auto;\" src=\"\/img\/kcal2.png\" alt=\"\" \/><\/strong><\/strong><\/p>\n<div style=\"height: 8px;\"><\/div>\n<p><strong style=\"font-weight: bold;\">NUTRITION FACTS<br \/>\n<\/strong><\/p>\n<\/div>\n<div class=\"caso2\" style=\"padding: 20px;\">\n<table border=\"1\" width=\"100%\" cellspacing=\"2\" cellpadding=\"2\">\n<tbody>\n<tr>\n<td><b>SERVING SIZE<\/b><\/td>\n<td>150g\/5.3oz<\/td>\n<\/tr>\n<tr>\n<td>Calories<\/td>\n<td>197<\/td>\n<\/tr>\n<tr>\n<td>Total Fat 16g<\/td>\n<td>20%<\/td>\n<\/tr>\n<tr>\n<td>Satured Fat 7g<\/td>\n<td>35%<\/td>\n<\/tr>\n<tr>\n<td>Trans Fat 0g<\/td>\n<td>0%<\/td>\n<\/tr>\n<tr>\n<td>Cholesterol 32mg<\/td>\n<td>11%<\/td>\n<\/tr>\n<tr>\n<td>Sodium 420mg<\/td>\n<td>24%<\/td>\n<\/tr>\n<tr>\n<td>Total Carbohydrate 10g<\/td>\n<td>3.6%<\/td>\n<\/tr>\n<tr>\n<td>Dietaryfiber 1.8g<\/td>\n<td>6.4%<\/td>\n<\/tr>\n<tr>\n<td>Sugars 2g<\/td>\n<td><\/td>\n<\/tr>\n<tr>\n<td>Inclued 0g Addedsugars<\/td>\n<td>0 %<\/td>\n<\/tr>\n<tr>\n<td>Protein 2.9g<\/td>\n<td>6%<\/td>\n<\/tr>\n<tr>\n<td>VitaminD 0mcg<\/td>\n<td>0%<\/td>\n<\/tr>\n<tr>\n<td>Calcium 28mg<\/td>\n<td>2%<\/td>\n<\/tr>\n<tr>\n<td>Iron\u00a0 1mg<\/td>\n<td>5%<\/td>\n<\/tr>\n<tr>\n<td>Potassium 225mg<\/td>\n<td>4.7%<\/td>\n<\/tr>\n<tr><\/tr>\n<\/tbody>\n<\/table>\n<\/div>\n<\/div>\n<\/div>\n","protected":false},"excerpt":{"rendered":"<p><strong>PREPARACI\u00d3N:<\/strong><\/p>\n<p>MICROONDAS &#8211; Verter el aderezo contenido en la bolsa en un recipiente. Coloque el recipiente en el microondas y cali\u00e9ntelo durante 90 segundos a 900 vatios (2 minutos a 750 vatios); verter sobre la pasta y mezclar con cuidado.<\/p>\n<p>SART\u00c9N -Verter la salsa contenida en la bolsa en una sart\u00e9n, a\u00f1adir tres cucharadas de agua y calentar a fuego lento durante 2\/3 minutos removiendo con cuidado; verter sobre la pasta.<\/p>\n","protected":false},"featured_media":5738,"template":"","meta":{"_joinchat":[]},"pwb-brand":[],"product_brand":[],"product_cat":[281],"product_tag":[],"class_list":{"0":"post-5859","1":"product","2":"type-product","3":"status-publish","4":"has-post-thumbnail","6":"product_cat-salsas-listas","8":"first","9":"instock","10":"taxable","11":"shipping-taxable","12":"purchasable","13":"product-type-simple"},"brands":[],"_links":{"self":[{"href":"https:\/\/pastareadytoeat.com\/es\/wp-json\/wp\/v2\/product\/5859","targetHints":{"allow":["GET"]}}],"collection":[{"href":"https:\/\/pastareadytoeat.com\/es\/wp-json\/wp\/v2\/product"}],"about":[{"href":"https:\/\/pastareadytoeat.com\/es\/wp-json\/wp\/v2\/types\/product"}],"wp:featuredmedia":[{"embeddable":true,"href":"https:\/\/pastareadytoeat.com\/es\/wp-json\/wp\/v2\/media\/5738"}],"wp:attachment":[{"href":"https:\/\/pastareadytoeat.com\/es\/wp-json\/wp\/v2\/media?parent=5859"}],"wp:term":[{"taxonomy":"pwb-brand","embeddable":true,"href":"https:\/\/pastareadytoeat.com\/es\/wp-json\/wp\/v2\/pwb-brand?post=5859"},{"taxonomy":"product_brand","embeddable":true,"href":"https:\/\/pastareadytoeat.com\/es\/wp-json\/wp\/v2\/product_brand?post=5859"},{"taxonomy":"product_cat","embeddable":true,"href":"https:\/\/pastareadytoeat.com\/es\/wp-json\/wp\/v2\/product_cat?post=5859"},{"taxonomy":"product_tag","embeddable":true,"href":"https:\/\/pastareadytoeat.com\/es\/wp-json\/wp\/v2\/product_tag?post=5859"}],"curies":[{"name":"wp","href":"https:\/\/api.w.org\/{rel}","templated":true}]}}