{"id":5861,"date":"2023-03-31T18:42:50","date_gmt":"2023-03-31T16:42:50","guid":{"rendered":"https:\/\/pastareadytoeat.com\/product\/pesto-basil\/"},"modified":"2023-05-10T17:11:50","modified_gmt":"2023-05-10T15:11:50","slug":"pesto-de-albahaca","status":"publish","type":"product","link":"https:\/\/pastareadytoeat.com\/es\/producto\/pesto-de-albahaca\/","title":{"rendered":"Pesto de Albahaca"},"content":{"rendered":"<div class=\"col-sm-7\">\n<div class=\"caso col-sm-12\" style=\"padding: 0 0 0 0; margin-bottom: 30px; border: 1px solid #c4c4c4; background-color: #ffffff;\">\n<div style=\"color: #ffffff; font-size: 13pt; text-align: center; background-color: #c4c4c4; padding-top: 9px; padding-bottom: 10px;\">\n<p><strong style=\"font-weight: bold;\"><strong style=\"font-weight: bold;\"><img decoding=\"async\" class=\"img-responsive\" style=\"margin: 0 auto;\" src=\"\/img\/icondoc.png\" alt=\"\" \/><\/strong><\/strong><\/p>\n<div style=\"height: 8px;\"><\/div>\n<p><strong style=\"font-weight: bold;\">INFORMATIONS<\/strong><\/p>\n<\/div>\n<div class=\"caso2\" style=\"padding: 30px 21px 30px 21px;\">\n<p><strong>Peso: 3x110g<\/strong><\/p>\n<p>Almacenamiento: a temperatura ambiente en un lugar fresco y seco<\/p>\n<p>Vida \u00fatil: 24 meses<\/p>\n<p>Condiciones de transporte: temperatura entre 0\u00b0C y 25\u00b0C<\/p>\n<p>Conservaci\u00f3n una vez abierto: conservar en refrigeraci\u00f3n y consumir en 24 h<\/p>\n<p>Ingredientes: albahaca semielaborada 38% (albahaca 65%, aceite de girasol, sal), aceite de girasol, patatas, queso Grana Padano 2% (LECHE, sal, cuajo, lisozima: prote\u00edna de HUEVO), aromas naturales, PI\u00d1ONES 0,7% , hierbas arom\u00e1ticas.<\/p>\n<\/div>\n<\/div>\n<\/div>\n<div class=\"col-sm-5\">\n<div class=\"caso col-sm-12\" style=\"padding: 0 0 0 0; margin-bottom: 30px; border: 1px solid #c4c4c4; background-color: #ffffff;\">\n<div style=\"color: #ffffff; font-size: 13pt; text-align: center; background-color: #c4c4c4; padding-top: 9px; padding-bottom: 10px;\">\n<p><strong style=\"font-weight: bold;\"><strong style=\"font-weight: bold;\"><img decoding=\"async\" class=\"img-responsive\" style=\"margin: 0 auto;\" src=\"\/img\/kcal2.png\" alt=\"\" \/><\/strong><\/strong><\/p>\n<div style=\"height: 8px;\"><\/div>\n<p><strong style=\"font-weight: bold;\">NUTRITION FACTS<br \/>\n<\/strong><\/p>\n<\/div>\n<div class=\"caso2\" style=\"padding: 20px;\">\n<table border=\"1\" width=\"100%\" cellspacing=\"2\" cellpadding=\"2\">\n<tbody>\n<tr>\n<td><b>SERVING SIZE<\/b><\/td>\n<td><span>110g\/3.88oz<\/span><\/td>\n<\/tr>\n<tr>\n<td>Calories<\/td>\n<td>190<\/td>\n<\/tr>\n<tr>\n<td>Total Fat 18g<\/td>\n<td>23%<\/td>\n<\/tr>\n<tr>\n<td>Satured Fat 2.2g<\/td>\n<td>11%<\/td>\n<\/tr>\n<tr>\n<td>Trans Fat 0g<\/td>\n<td>0%<\/td>\n<\/tr>\n<tr>\n<td>Cholesterol 1.5mg<\/td>\n<td>0.5%<\/td>\n<\/tr>\n<tr>\n<td>Sodium 308mg<\/td>\n<td>13%<\/td>\n<\/tr>\n<tr>\n<td>Total Carbohydrate 3.3g<\/td>\n<td>1.2%<\/td>\n<\/tr>\n<tr>\n<td>Dietaryfiber 0.7g<\/td>\n<td>2.5%<\/td>\n<\/tr>\n<tr>\n<td>Sugars 0.7g<\/td>\n<td>0<\/td>\n<\/tr>\n<tr>\n<td>Inclued 0g Addedsugars<\/td>\n<td>0 %<\/td>\n<\/tr>\n<tr>\n<td>Protein 1.1g<\/td>\n<td>2%<\/td>\n<\/tr>\n<tr>\n<td>VitaminD 0mcg<\/td>\n<td>0%<\/td>\n<\/tr>\n<tr>\n<td>Calcium 92mg<\/td>\n<td>7%<\/td>\n<\/tr>\n<tr>\n<td>Iron 1.4mg<\/td>\n<td>8%<\/td>\n<\/tr>\n<tr>\n<td>Potassium 239mg<\/td>\n<td>5%<\/td>\n<\/tr>\n<tr><\/tr>\n<\/tbody>\n<\/table>\n<\/div>\n<\/div>\n<\/div>\n","protected":false},"excerpt":{"rendered":"<p><strong>PREPARACI\u00d3N:<\/strong><\/p>\n<p>MICROONDAS &#8211; Verter el aderezo contenido en la bolsa en un recipiente. Coloque el recipiente en el microondas y cali\u00e9ntelo durante 90 segundos a 900 vatios (2 minutos a 750 vatios); verter sobre la pasta y mezclar con cuidado.<\/p>\n<p>SART\u00c9N -Verter la salsa contenida en la bolsa en una sart\u00e9n, a\u00f1adir tres cucharadas de agua y calentar a fuego lento durante 2\/3 minutos removiendo con cuidado; verter sobre la pasta.<\/p>\n","protected":false},"featured_media":5740,"template":"","meta":{"_joinchat":[]},"pwb-brand":[],"product_brand":[],"product_cat":[281],"product_tag":[],"class_list":{"0":"post-5861","1":"product","2":"type-product","3":"status-publish","4":"has-post-thumbnail","6":"product_cat-salsas-listas","8":"first","9":"instock","10":"taxable","11":"shipping-taxable","12":"purchasable","13":"product-type-simple"},"brands":[],"_links":{"self":[{"href":"https:\/\/pastareadytoeat.com\/es\/wp-json\/wp\/v2\/product\/5861","targetHints":{"allow":["GET"]}}],"collection":[{"href":"https:\/\/pastareadytoeat.com\/es\/wp-json\/wp\/v2\/product"}],"about":[{"href":"https:\/\/pastareadytoeat.com\/es\/wp-json\/wp\/v2\/types\/product"}],"wp:featuredmedia":[{"embeddable":true,"href":"https:\/\/pastareadytoeat.com\/es\/wp-json\/wp\/v2\/media\/5740"}],"wp:attachment":[{"href":"https:\/\/pastareadytoeat.com\/es\/wp-json\/wp\/v2\/media?parent=5861"}],"wp:term":[{"taxonomy":"pwb-brand","embeddable":true,"href":"https:\/\/pastareadytoeat.com\/es\/wp-json\/wp\/v2\/pwb-brand?post=5861"},{"taxonomy":"product_brand","embeddable":true,"href":"https:\/\/pastareadytoeat.com\/es\/wp-json\/wp\/v2\/product_brand?post=5861"},{"taxonomy":"product_cat","embeddable":true,"href":"https:\/\/pastareadytoeat.com\/es\/wp-json\/wp\/v2\/product_cat?post=5861"},{"taxonomy":"product_tag","embeddable":true,"href":"https:\/\/pastareadytoeat.com\/es\/wp-json\/wp\/v2\/product_tag?post=5861"}],"curies":[{"name":"wp","href":"https:\/\/api.w.org\/{rel}","templated":true}]}}